{"id":61,"date":"2023-06-28T21:42:59","date_gmt":"2023-06-28T19:42:59","guid":{"rendered":"https:\/\/stringster.net\/?page_id=61"},"modified":"2023-06-29T16:17:25","modified_gmt":"2023-06-29T14:17:25","slug":"impressum","status":"publish","type":"page","link":"https:\/\/stringster.net\/en\/impressum\/","title":{"rendered":"legal notice"},"content":{"rendered":"\t\t<div data-elementor-type=\"wp-page\" data-elementor-id=\"61\" class=\"elementor elementor-61\">\n\t\t\t\t\t\t<section class=\"elementor-section elementor-top-section elementor-element elementor-element-6e851d37 elementor-section-boxed elementor-section-height-default elementor-section-height-default wpr-particle-no wpr-jarallax-no wpr-parallax-no wpr-sticky-section-no wpr-equal-height-no\" data-id=\"6e851d37\" data-element_type=\"section\" data-e-type=\"section\" data-settings=\"{&quot;background_background&quot;:&quot;classic&quot;}\">\n\t\t\t\t\t\t<div class=\"elementor-container elementor-column-gap-default\">\n\t\t\t\t\t<div class=\"elementor-column elementor-col-33 elementor-top-column elementor-element elementor-element-63390686\" data-id=\"63390686\" data-element_type=\"column\" data-e-type=\"column\">\n\t\t\t<div class=\"elementor-widget-wrap elementor-element-populated\">\n\t\t\t\t\t\t<div class=\"elementor-element elementor-element-5b20c525 elementor-widget elementor-widget-image\" data-id=\"5b20c525\" data-element_type=\"widget\" data-e-type=\"widget\" data-widget_type=\"image.default\">\n\t\t\t\t<div class=\"elementor-widget-container\">\n\t\t\t\t\t\t\t\t\t\t\t\t\t\t\t\t<a href=\"\/\">\n\t\t\t\t\t\t\t<img decoding=\"async\" width=\"466\" height=\"98\" src=\"https:\/\/stringster.net\/wp-content\/uploads\/2023\/06\/stringster-logo-small.png\" class=\"attachment-full size-full wp-image-119\" alt=\"\" srcset=\"https:\/\/stringster.net\/wp-content\/uploads\/2023\/06\/stringster-logo-small.png 466w, https:\/\/stringster.net\/wp-content\/uploads\/2023\/06\/stringster-logo-small-300x63.png 300w\" sizes=\"(max-width: 466px) 100vw, 466px\" \/>\t\t\t\t\t\t\t\t<\/a>\n\t\t\t\t\t\t\t\t\t\t\t\t\t\t\t<\/div>\n\t\t\t\t<\/div>\n\t\t\t\t\t<\/div>\n\t\t<\/div>\n\t\t\t\t<div class=\"elementor-column elementor-col-33 elementor-top-column elementor-element elementor-element-424d2287\" data-id=\"424d2287\" data-element_type=\"column\" data-e-type=\"column\">\n\t\t\t<div class=\"elementor-widget-wrap elementor-element-populated\">\n\t\t\t\t\t\t<div class=\"elementor-element elementor-element-62055b63 wpr-main-menu-align-center wpr-pointer-none wpr-sub-icon-none wpr-main-menu-align--tabletleft wpr-main-menu-align--mobileleft wpr-sub-menu-fx-fade wpr-nav-menu-bp-mobile wpr-mobile-menu-full-width wpr-mobile-menu-item-align-center wpr-mobile-toggle-v1 wpr-mobile-divider-yes elementor-widget elementor-widget-wpr-nav-menu\" data-id=\"62055b63\" data-element_type=\"widget\" data-e-type=\"widget\" data-settings=\"{&quot;menu_layout&quot;:&quot;horizontal&quot;}\" data-widget_type=\"wpr-nav-menu.default\">\n\t\t\t\t<div class=\"elementor-widget-container\">\n\t\t\t\t\t<nav class=\"wpr-nav-menu-container wpr-nav-menu-horizontal\" data-trigger=\"hover\" data-consider-header=\"\" data-scroll-speed=\"500\"><ul id=\"menu-1-62055b63\" class=\"wpr-nav-menu\"><li class=\"menu-item menu-item-type-post_type menu-item-object-page menu-item-home menu-item-has-children menu-item-117\"><a aria-haspopup=\"true\" aria-expanded=\"false\" href=\"https:\/\/stringster.net\/en\/\" class=\"wpr-menu-item wpr-pointer-item\">Stringster f\u00fcr Tennis<i class=\"wpr-sub-icon fas\" aria-hidden=\"true\"><\/i><\/a>\n<ul class=\"sub-menu wpr-sub-menu\">\n\t<li class=\"menu-item menu-item-type-custom menu-item-object-custom menu-item-132\"><a href=\"https:\/\/www.facebook.com\/stringstertennisapp\" class=\"wpr-sub-menu-item\">Zur Facebook-Seite<\/a><\/li>\n\t<li class=\"menu-item menu-item-type-post_type menu-item-object-page menu-item-178\"><a href=\"https:\/\/stringster.net\/en\/arten-von-tennis-saiten\/\" class=\"wpr-sub-menu-item\">Arten von Tennis-Saiten<\/a><\/li>\n\t<li class=\"menu-item menu-item-type-post_type menu-item-object-page menu-item-211\"><a href=\"https:\/\/stringster.net\/en\/besaitungshaerte-und-zustand\/\" class=\"wpr-sub-menu-item\">Bespannungsh\u00e4rte und -zustand<\/a><\/li>\n\t<li class=\"menu-item menu-item-type-post_type menu-item-object-page menu-item-218\"><a href=\"https:\/\/stringster.net\/en\/die-richtige-bespannung-fuer-mich\/\" class=\"wpr-sub-menu-item\">Die richtige Bespannung f\u00fcr mich<\/a><\/li>\n\t<li class=\"menu-item menu-item-type-post_type menu-item-object-page menu-item-226\"><a href=\"https:\/\/stringster.net\/en\/vibrationsdaempfer\/\" class=\"wpr-sub-menu-item\">Vibrationsd\u00e4mpfer<\/a><\/li>\n\t<li class=\"menu-item menu-item-type-post_type menu-item-object-page menu-item-247\"><a href=\"https:\/\/stringster.net\/en\/schlaegergriff-anpassung\/\" class=\"wpr-sub-menu-item\">Schl\u00e4gergriff<\/a><\/li>\n<\/ul>\n<\/li>\n<li class=\"menu-item menu-item-type-post_type menu-item-object-page menu-item-116\"><a href=\"https:\/\/stringster.net\/en\/stringster-fuer-badminton\/\" class=\"wpr-menu-item wpr-pointer-item\">Stringster f\u00fcr Badminton<\/a><\/li>\n<li class=\"menu-item menu-item-type-post_type menu-item-object-page menu-item-144\"><a href=\"https:\/\/stringster.net\/en\/haeufige-fragen\/\" class=\"wpr-menu-item wpr-pointer-item\">H\u00e4ufige Fragen<\/a><\/li>\n<\/ul><\/nav><nav class=\"wpr-mobile-nav-menu-container\"><div class=\"wpr-mobile-toggle-wrap\"><div class=\"wpr-mobile-toggle\"><span class=\"wpr-mobile-toggle-line\"><\/span><span class=\"wpr-mobile-toggle-line\"><\/span><span class=\"wpr-mobile-toggle-line\"><\/span><\/div><\/div><ul id=\"mobile-menu-2-62055b63\" class=\"wpr-mobile-nav-menu\"><li class=\"menu-item menu-item-type-post_type menu-item-object-page menu-item-home menu-item-has-children menu-item-117\"><a href=\"https:\/\/stringster.net\/en\/\" class=\"wpr-mobile-menu-item\">Stringster f\u00fcr Tennis<\/a>\n<ul class=\"sub-menu wpr-sub-menu\">\n\t<li class=\"menu-item menu-item-type-custom menu-item-object-custom menu-item-132\"><a href=\"https:\/\/www.facebook.com\/stringstertennisapp\" class=\"wpr-mobile-sub-menu-item\">Zur Facebook-Seite<\/a><\/li>\n\t<li class=\"menu-item menu-item-type-post_type menu-item-object-page menu-item-178\"><a href=\"https:\/\/stringster.net\/en\/arten-von-tennis-saiten\/\" class=\"wpr-mobile-sub-menu-item\">Arten von Tennis-Saiten<\/a><\/li>\n\t<li class=\"menu-item menu-item-type-post_type menu-item-object-page menu-item-211\"><a href=\"https:\/\/stringster.net\/en\/besaitungshaerte-und-zustand\/\" class=\"wpr-mobile-sub-menu-item\">Bespannungsh\u00e4rte und -zustand<\/a><\/li>\n\t<li class=\"menu-item menu-item-type-post_type menu-item-object-page menu-item-218\"><a href=\"https:\/\/stringster.net\/en\/die-richtige-bespannung-fuer-mich\/\" class=\"wpr-mobile-sub-menu-item\">Die richtige Bespannung f\u00fcr mich<\/a><\/li>\n\t<li class=\"menu-item menu-item-type-post_type menu-item-object-page menu-item-226\"><a href=\"https:\/\/stringster.net\/en\/vibrationsdaempfer\/\" class=\"wpr-mobile-sub-menu-item\">Vibrationsd\u00e4mpfer<\/a><\/li>\n\t<li class=\"menu-item menu-item-type-post_type menu-item-object-page menu-item-247\"><a href=\"https:\/\/stringster.net\/en\/schlaegergriff-anpassung\/\" class=\"wpr-mobile-sub-menu-item\">Schl\u00e4gergriff<\/a><\/li>\n<\/ul>\n<\/li>\n<li class=\"menu-item menu-item-type-post_type menu-item-object-page menu-item-116\"><a href=\"https:\/\/stringster.net\/en\/stringster-fuer-badminton\/\" class=\"wpr-mobile-menu-item\">Stringster f\u00fcr Badminton<\/a><\/li>\n<li class=\"menu-item menu-item-type-post_type menu-item-object-page menu-item-144\"><a href=\"https:\/\/stringster.net\/en\/haeufige-fragen\/\" class=\"wpr-mobile-menu-item\">H\u00e4ufige Fragen<\/a><\/li>\n<\/ul><\/nav>\t\t\t\t<\/div>\n\t\t\t\t<\/div>\n\t\t\t\t\t<\/div>\n\t\t<\/div>\n\t\t\t\t<div class=\"elementor-column elementor-col-33 elementor-top-column elementor-element elementor-element-e387840\" data-id=\"e387840\" data-element_type=\"column\" data-e-type=\"column\">\n\t\t\t<div class=\"elementor-widget-wrap\">\n\t\t\t\t\t\t\t<\/div>\n\t\t<\/div>\n\t\t\t\t\t<\/div>\n\t\t<\/section>\n\t\t\t\t<section class=\"elementor-section elementor-top-section elementor-element elementor-element-5440ab83 elementor-section-boxed elementor-section-height-default elementor-section-height-default wpr-particle-no wpr-jarallax-no wpr-parallax-no wpr-sticky-section-no wpr-equal-height-no\" data-id=\"5440ab83\" data-element_type=\"section\" data-e-type=\"section\">\n\t\t\t\t\t\t<div class=\"elementor-container elementor-column-gap-default\">\n\t\t\t\t\t<div class=\"elementor-column elementor-col-100 elementor-top-column elementor-element elementor-element-503cba1b\" data-id=\"503cba1b\" data-element_type=\"column\" data-e-type=\"column\">\n\t\t\t<div class=\"elementor-widget-wrap elementor-element-populated\">\n\t\t\t\t\t\t<div class=\"elementor-element elementor-element-8959f58 elementor-widget elementor-widget-heading\" data-id=\"8959f58\" data-element_type=\"widget\" data-e-type=\"widget\" data-widget_type=\"heading.default\">\n\t\t\t\t<div class=\"elementor-widget-container\">\n\t\t\t\t\t<h1 class=\"elementor-heading-title elementor-size-default\">IMPRESSUM<\/h1>\t\t\t\t<\/div>\n\t\t\t\t<\/div>\n\t\t\t\t<div class=\"elementor-element elementor-element-606aa619 elementor-widget elementor-widget-text-editor\" data-id=\"606aa619\" data-element_type=\"widget\" data-e-type=\"widget\" data-widget_type=\"text-editor.default\">\n\t\t\t\t<div class=\"elementor-widget-container\">\n\t\t\t\t\t\t\t\t\t<p>stringster ist ein Produkt der:<\/p><p>sportsnext applications GmbH<br \/>Kaiser-Wilhelm-Stra\u00dfe 81<br \/>20355 Hamburg<\/p><p>E-Mail:\u00a0<span style=\"color: #3eac8b;\"><a style=\"color: #3eac8b;\">contact[at]sportsnext.de<\/a><\/span><\/p><p>Gesch\u00e4ftsf\u00fchrer: Elmar Sperling<br \/>Registergericht: Amtsgericht Hamburg<br \/>Registernummer: HRB 144849<\/p>\t\t\t\t\t\t\t\t<\/div>\n\t\t\t\t<\/div>\n\t\t\t\t\t<\/div>\n\t\t<\/div>\n\t\t\t\t\t<\/div>\n\t\t<\/section>\n\t\t\t\t<section class=\"elementor-section elementor-top-section elementor-element elementor-element-445e936b elementor-section-full_width elementor-section-height-default elementor-section-height-default wpr-particle-no wpr-jarallax-no wpr-parallax-no wpr-sticky-section-no wpr-equal-height-no\" data-id=\"445e936b\" data-element_type=\"section\" data-e-type=\"section\">\n\t\t\t\t\t\t<div class=\"elementor-container elementor-column-gap-default\">\n\t\t\t\t\t<div class=\"elementor-column elementor-col-100 elementor-top-column elementor-element elementor-element-6a2015e4\" data-id=\"6a2015e4\" data-element_type=\"column\" data-e-type=\"column\">\n\t\t\t<div class=\"elementor-widget-wrap elementor-element-populated\">\n\t\t\t\t\t\t<div class=\"elementor-element elementor-element-68d41ac elementor-widget elementor-widget-spacer\" data-id=\"68d41ac\" data-element_type=\"widget\" data-e-type=\"widget\" data-widget_type=\"spacer.default\">\n\t\t\t\t<div class=\"elementor-widget-container\">\n\t\t\t\t\t\t\t<div class=\"elementor-spacer\">\n\t\t\t<div class=\"elementor-spacer-inner\"><\/div>\n\t\t<\/div>\n\t\t\t\t\t\t<\/div>\n\t\t\t\t<\/div>\n\t\t\t\t<div class=\"elementor-element elementor-element-278375c0 elementor-widget-divider--view-line elementor-widget elementor-widget-divider\" data-id=\"278375c0\" data-element_type=\"widget\" data-e-type=\"widget\" data-widget_type=\"divider.default\">\n\t\t\t\t<div class=\"elementor-widget-container\">\n\t\t\t\t\t\t\t<div class=\"elementor-divider\">\n\t\t\t<span class=\"elementor-divider-separator\">\n\t\t\t\t\t\t<\/span>\n\t\t<\/div>\n\t\t\t\t\t\t<\/div>\n\t\t\t\t<\/div>\n\t\t\t\t<div class=\"elementor-element elementor-element-49772dc8 wpr-main-menu-align-center wpr-pointer-none wpr-main-menu-align--tabletleft wpr-main-menu-align--mobileleft wpr-sub-icon-caret-down wpr-sub-menu-fx-fade wpr-nav-menu-bp-mobile wpr-mobile-menu-full-width wpr-mobile-menu-item-align-center wpr-mobile-toggle-v1 wpr-sub-divider-yes wpr-mobile-divider-yes elementor-widget elementor-widget-wpr-nav-menu\" data-id=\"49772dc8\" data-element_type=\"widget\" data-e-type=\"widget\" data-settings=\"{&quot;menu_layout&quot;:&quot;horizontal&quot;}\" data-widget_type=\"wpr-nav-menu.default\">\n\t\t\t\t<div class=\"elementor-widget-container\">\n\t\t\t\t\t<nav class=\"wpr-nav-menu-container wpr-nav-menu-horizontal\" data-trigger=\"hover\" data-consider-header=\"\" data-scroll-speed=\"500\"><ul id=\"menu-1-49772dc8\" class=\"wpr-nav-menu\"><li class=\"menu-item menu-item-type-post_type menu-item-object-page menu-item-64\"><a href=\"https:\/\/stringster.net\/en\/kontakt\/\" class=\"wpr-menu-item wpr-pointer-item\">Kontakt<\/a><\/li>\n<li class=\"menu-item menu-item-type-post_type menu-item-object-page menu-item-63\"><a href=\"https:\/\/stringster.net\/en\/impressum\/\" class=\"wpr-menu-item wpr-pointer-item\">Impressum<\/a><\/li>\n<li class=\"menu-item menu-item-type-post_type menu-item-object-page menu-item-67\"><a href=\"https:\/\/stringster.net\/en\/datenschutz\/\" class=\"wpr-menu-item wpr-pointer-item\">Datenschutz<\/a><\/li>\n<\/ul><\/nav><nav class=\"wpr-mobile-nav-menu-container\"><div class=\"wpr-mobile-toggle-wrap\"><div class=\"wpr-mobile-toggle\"><span class=\"wpr-mobile-toggle-line\"><\/span><span class=\"wpr-mobile-toggle-line\"><\/span><span class=\"wpr-mobile-toggle-line\"><\/span><\/div><\/div><ul id=\"mobile-menu-2-49772dc8\" class=\"wpr-mobile-nav-menu\"><li class=\"menu-item menu-item-type-post_type menu-item-object-page menu-item-64\"><a href=\"https:\/\/stringster.net\/en\/kontakt\/\" class=\"wpr-mobile-menu-item\">Kontakt<\/a><\/li>\n<li class=\"menu-item menu-item-type-post_type menu-item-object-page menu-item-63\"><a href=\"https:\/\/stringster.net\/en\/impressum\/\" class=\"wpr-mobile-menu-item\">Impressum<\/a><\/li>\n<li class=\"menu-item menu-item-type-post_type menu-item-object-page menu-item-67\"><a href=\"https:\/\/stringster.net\/en\/datenschutz\/\" class=\"wpr-mobile-menu-item\">Datenschutz<\/a><\/li>\n<\/ul><\/nav>\t\t\t\t<\/div>\n\t\t\t\t<\/div>\n\t\t\t\t<div class=\"elementor-element elementor-element-7c500ed6 elementor-widget elementor-widget-text-editor\" data-id=\"7c500ed6\" data-element_type=\"widget\" data-e-type=\"widget\" data-widget_type=\"text-editor.default\">\n\t\t\t\t<div class=\"elementor-widget-container\">\n\t\t\t\t\t\t\t\t\t<footer class=\"footer\"><div class=\"row\"><div class=\"columns small-12 text-center padding-bottom\"><span class=\"copyright\">\u00a9 stringster 2023 Alle Rechte vorbehalten.<\/span><\/div><\/div><\/footer>\t\t\t\t\t\t\t\t<\/div>\n\t\t\t\t<\/div>\n\t\t\t\t<div class=\"elementor-element elementor-element-c3506c2 wpr-stt-btn-align-inline elementor-widget elementor-widget-wpr-back-to-top\" data-id=\"c3506c2\" data-element_type=\"widget\" data-e-type=\"widget\" data-widget_type=\"wpr-back-to-top.default\">\n\t\t\t\t<div class=\"elementor-widget-container\">\n\t\t\t\t\t<div class=\"wpr-stt-wrapper\"><div class='wpr-stt-btn' data-settings='{&quot;animation&quot;:&quot;fade&quot;,&quot;animationOffset&quot;:&quot;100&quot;,&quot;animationDuration&quot;:&quot;200&quot;,&quot;fixed&quot;:&quot;inline&quot;,&quot;scrolAnim&quot;:&quot;800&quot;}'><span class=\"wpr-stt-icon\"><i class=\"fas fa-chevron-up\"><\/i><\/span><\/div><\/div>\t\t\t\t<\/div>\n\t\t\t\t<\/div>\n\t\t\t\t\t<\/div>\n\t\t<\/div>\n\t\t\t\t\t<\/div>\n\t\t<\/section>\n\t\t\t\t<\/div>\n\t\t","protected":false},"excerpt":{"rendered":"<p>Stringster f\u00fcr Tennis Zur Facebook-Seite Arten von Tennis-Saiten Bespannungsh\u00e4rte und -zustand Die richtige Bespannung f\u00fcr mich Vibrationsd\u00e4mpfer Schl\u00e4gergriff-Anpassung Stringster f\u00fcr Badminton H\u00e4ufige Fragen Stringster f\u00fcr Tennis Zur Facebook-Seite Arten von Tennis-Saiten Bespannungsh\u00e4rte und -zustand Die richtige Bespannung f\u00fcr mich Vibrationsd\u00e4mpfer Schl\u00e4gergriff-Anpassung Stringster f\u00fcr Badminton H\u00e4ufige Fragen IMPRESSUM stringster ist ein Produkt der: sportsnext applications GmbHKaiser-Wilhelm-Stra\u00dfe 8120355 Hamburg E-Mail:\u00a0contact[at]sportsnext.de Gesch\u00e4ftsf\u00fchrer: Elmar SperlingRegistergericht: Amtsgericht HamburgRegisternummer: HRB 144849 Kontakt Impressum Datenschutz Kontakt Impressum Datenschutz \u00a9 stringster 2023 Alle Rechte vorbehalten.<\/p>\n","protected":false},"author":1,"featured_media":0,"parent":0,"menu_order":0,"comment_status":"closed","ping_status":"closed","template":"elementor_canvas","meta":{"_eb_attr":"","footnotes":""},"class_list":["post-61","page","type-page","status-publish","hentry"],"_links":{"self":[{"href":"https:\/\/stringster.net\/en\/wp-json\/wp\/v2\/pages\/61","targetHints":{"allow":["GET"]}}],"collection":[{"href":"https:\/\/stringster.net\/en\/wp-json\/wp\/v2\/pages"}],"about":[{"href":"https:\/\/stringster.net\/en\/wp-json\/wp\/v2\/types\/page"}],"author":[{"embeddable":true,"href":"https:\/\/stringster.net\/en\/wp-json\/wp\/v2\/users\/1"}],"replies":[{"embeddable":true,"href":"https:\/\/stringster.net\/en\/wp-json\/wp\/v2\/comments?post=61"}],"version-history":[{"count":0,"href":"https:\/\/stringster.net\/en\/wp-json\/wp\/v2\/pages\/61\/revisions"}],"wp:attachment":[{"href":"https:\/\/stringster.net\/en\/wp-json\/wp\/v2\/media?parent=61"}],"curies":[{"name":"wp","href":"https:\/\/api.w.org\/{rel}","templated":true}]}}