{"id":59,"date":"2023-06-28T21:42:43","date_gmt":"2023-06-28T19:42:43","guid":{"rendered":"https:\/\/stringster.net\/?page_id=59"},"modified":"2023-07-06T16:09:55","modified_gmt":"2023-07-06T14:09:55","slug":"kontakt","status":"publish","type":"page","link":"https:\/\/stringster.net\/en\/kontakt\/","title":{"rendered":"contact"},"content":{"rendered":"\t\t<div data-elementor-type=\"wp-page\" data-elementor-id=\"59\" class=\"elementor elementor-59\">\n\t\t\t\t\t\t<section class=\"elementor-section elementor-top-section elementor-element elementor-element-685707b2 elementor-section-boxed elementor-section-height-default elementor-section-height-default wpr-particle-no wpr-jarallax-no wpr-parallax-no wpr-sticky-section-no\" data-id=\"685707b2\" data-element_type=\"section\" data-e-type=\"section\" data-settings=\"{&quot;background_background&quot;:&quot;classic&quot;}\">\n\t\t\t\t\t\t<div class=\"elementor-container elementor-column-gap-default\">\n\t\t\t\t\t<div class=\"elementor-column elementor-col-33 elementor-top-column elementor-element elementor-element-6cb01047\" data-id=\"6cb01047\" data-element_type=\"column\" data-e-type=\"column\">\n\t\t\t<div class=\"elementor-widget-wrap elementor-element-populated\">\n\t\t\t\t\t\t<div class=\"elementor-element elementor-element-5d77b6 elementor-widget elementor-widget-image\" data-id=\"5d77b6\" data-element_type=\"widget\" data-e-type=\"widget\" data-widget_type=\"image.default\">\n\t\t\t\t<div class=\"elementor-widget-container\">\n\t\t\t\t\t\t\t\t\t\t\t\t\t\t\t\t<a href=\"\/\">\n\t\t\t\t\t\t\t<img decoding=\"async\" width=\"466\" height=\"98\" src=\"https:\/\/stringster.net\/wp-content\/uploads\/2023\/06\/stringster-logo-small.png\" class=\"attachment-full size-full wp-image-119\" alt=\"\" srcset=\"https:\/\/stringster.net\/wp-content\/uploads\/2023\/06\/stringster-logo-small.png 466w, https:\/\/stringster.net\/wp-content\/uploads\/2023\/06\/stringster-logo-small-300x63.png 300w\" sizes=\"(max-width: 466px) 100vw, 466px\" \/>\t\t\t\t\t\t\t\t<\/a>\n\t\t\t\t\t\t\t\t\t\t\t\t\t\t\t<\/div>\n\t\t\t\t<\/div>\n\t\t\t\t\t<\/div>\n\t\t<\/div>\n\t\t\t\t<div class=\"elementor-column elementor-col-33 elementor-top-column elementor-element elementor-element-6ea34409\" data-id=\"6ea34409\" data-element_type=\"column\" data-e-type=\"column\">\n\t\t\t<div class=\"elementor-widget-wrap elementor-element-populated\">\n\t\t\t\t\t\t<div class=\"elementor-element elementor-element-54f55aa wpr-main-menu-align-center wpr-pointer-none wpr-sub-icon-none wpr-main-menu-align--tabletleft wpr-main-menu-align--mobileleft wpr-sub-menu-fx-fade wpr-nav-menu-bp-mobile wpr-mobile-menu-full-width wpr-mobile-menu-item-align-center wpr-mobile-toggle-v1 wpr-mobile-divider-yes elementor-widget elementor-widget-wpr-nav-menu\" data-id=\"54f55aa\" data-element_type=\"widget\" data-e-type=\"widget\" data-settings=\"{&quot;menu_layout&quot;:&quot;horizontal&quot;}\" data-widget_type=\"wpr-nav-menu.default\">\n\t\t\t\t<div class=\"elementor-widget-container\">\n\t\t\t\t\t<nav class=\"wpr-nav-menu-container wpr-nav-menu-horizontal\" data-trigger=\"hover\" data-consider-header=\"\" data-scroll-speed=\"500\"><ul id=\"menu-1-54f55aa\" class=\"wpr-nav-menu\"><li class=\"menu-item menu-item-type-post_type menu-item-object-page menu-item-home menu-item-has-children menu-item-117\"><a aria-haspopup=\"true\" aria-expanded=\"false\" href=\"https:\/\/stringster.net\/en\/\" class=\"wpr-menu-item wpr-pointer-item\">Stringster f\u00fcr Tennis<i class=\"wpr-sub-icon fas\" aria-hidden=\"true\"><\/i><\/a>\n<ul class=\"sub-menu wpr-sub-menu\">\n\t<li class=\"menu-item menu-item-type-custom menu-item-object-custom menu-item-132\"><a href=\"https:\/\/www.facebook.com\/stringstertennisapp\" class=\"wpr-sub-menu-item\">Zur Facebook-Seite<\/a><\/li>\n\t<li class=\"menu-item menu-item-type-post_type menu-item-object-page menu-item-178\"><a href=\"https:\/\/stringster.net\/en\/arten-von-tennis-saiten\/\" class=\"wpr-sub-menu-item\">Arten von Tennis-Saiten<\/a><\/li>\n\t<li class=\"menu-item menu-item-type-post_type menu-item-object-page menu-item-211\"><a href=\"https:\/\/stringster.net\/en\/besaitungshaerte-und-zustand\/\" class=\"wpr-sub-menu-item\">Bespannungsh\u00e4rte und -zustand<\/a><\/li>\n\t<li class=\"menu-item menu-item-type-post_type menu-item-object-page menu-item-218\"><a href=\"https:\/\/stringster.net\/en\/die-richtige-bespannung-fuer-mich\/\" class=\"wpr-sub-menu-item\">Die richtige Bespannung f\u00fcr mich<\/a><\/li>\n\t<li class=\"menu-item menu-item-type-post_type menu-item-object-page menu-item-226\"><a href=\"https:\/\/stringster.net\/en\/vibrationsdaempfer\/\" class=\"wpr-sub-menu-item\">Vibrationsd\u00e4mpfer<\/a><\/li>\n\t<li class=\"menu-item menu-item-type-post_type menu-item-object-page menu-item-247\"><a href=\"https:\/\/stringster.net\/en\/schlaegergriff-anpassung\/\" class=\"wpr-sub-menu-item\">Schl\u00e4gergriff<\/a><\/li>\n<\/ul>\n<\/li>\n<li class=\"menu-item menu-item-type-post_type menu-item-object-page menu-item-116\"><a href=\"https:\/\/stringster.net\/en\/stringster-fuer-badminton\/\" class=\"wpr-menu-item wpr-pointer-item\">Stringster f\u00fcr Badminton<\/a><\/li>\n<li class=\"menu-item menu-item-type-post_type menu-item-object-page menu-item-144\"><a href=\"https:\/\/stringster.net\/en\/haeufige-fragen\/\" class=\"wpr-menu-item wpr-pointer-item\">H\u00e4ufige Fragen<\/a><\/li>\n<\/ul><\/nav><nav class=\"wpr-mobile-nav-menu-container\"><div class=\"wpr-mobile-toggle-wrap\"><div class=\"wpr-mobile-toggle\"><span class=\"wpr-mobile-toggle-line\"><\/span><span class=\"wpr-mobile-toggle-line\"><\/span><span class=\"wpr-mobile-toggle-line\"><\/span><\/div><\/div><ul id=\"mobile-menu-2-54f55aa\" class=\"wpr-mobile-nav-menu\"><li class=\"menu-item menu-item-type-post_type menu-item-object-page menu-item-home menu-item-has-children menu-item-117\"><a href=\"https:\/\/stringster.net\/en\/\" class=\"wpr-mobile-menu-item\">Stringster f\u00fcr Tennis<\/a>\n<ul class=\"sub-menu wpr-sub-menu\">\n\t<li class=\"menu-item menu-item-type-custom menu-item-object-custom menu-item-132\"><a href=\"https:\/\/www.facebook.com\/stringstertennisapp\" class=\"wpr-mobile-sub-menu-item\">Zur Facebook-Seite<\/a><\/li>\n\t<li class=\"menu-item menu-item-type-post_type menu-item-object-page menu-item-178\"><a href=\"https:\/\/stringster.net\/en\/arten-von-tennis-saiten\/\" class=\"wpr-mobile-sub-menu-item\">Arten von Tennis-Saiten<\/a><\/li>\n\t<li class=\"menu-item menu-item-type-post_type menu-item-object-page menu-item-211\"><a href=\"https:\/\/stringster.net\/en\/besaitungshaerte-und-zustand\/\" class=\"wpr-mobile-sub-menu-item\">Bespannungsh\u00e4rte und -zustand<\/a><\/li>\n\t<li class=\"menu-item menu-item-type-post_type menu-item-object-page menu-item-218\"><a href=\"https:\/\/stringster.net\/en\/die-richtige-bespannung-fuer-mich\/\" class=\"wpr-mobile-sub-menu-item\">Die richtige Bespannung f\u00fcr mich<\/a><\/li>\n\t<li class=\"menu-item menu-item-type-post_type menu-item-object-page menu-item-226\"><a href=\"https:\/\/stringster.net\/en\/vibrationsdaempfer\/\" class=\"wpr-mobile-sub-menu-item\">Vibrationsd\u00e4mpfer<\/a><\/li>\n\t<li class=\"menu-item menu-item-type-post_type menu-item-object-page menu-item-247\"><a href=\"https:\/\/stringster.net\/en\/schlaegergriff-anpassung\/\" class=\"wpr-mobile-sub-menu-item\">Schl\u00e4gergriff<\/a><\/li>\n<\/ul>\n<\/li>\n<li class=\"menu-item menu-item-type-post_type menu-item-object-page menu-item-116\"><a href=\"https:\/\/stringster.net\/en\/stringster-fuer-badminton\/\" class=\"wpr-mobile-menu-item\">Stringster f\u00fcr Badminton<\/a><\/li>\n<li class=\"menu-item menu-item-type-post_type menu-item-object-page menu-item-144\"><a href=\"https:\/\/stringster.net\/en\/haeufige-fragen\/\" class=\"wpr-mobile-menu-item\">H\u00e4ufige Fragen<\/a><\/li>\n<\/ul><\/nav>\t\t\t\t<\/div>\n\t\t\t\t<\/div>\n\t\t\t\t\t<\/div>\n\t\t<\/div>\n\t\t\t\t<div class=\"elementor-column elementor-col-33 elementor-top-column elementor-element elementor-element-400dbc71\" data-id=\"400dbc71\" data-element_type=\"column\" data-e-type=\"column\">\n\t\t\t<div class=\"elementor-widget-wrap\">\n\t\t\t\t\t\t\t<\/div>\n\t\t<\/div>\n\t\t\t\t\t<\/div>\n\t\t<\/section>\n\t\t\t\t<section class=\"elementor-section elementor-top-section elementor-element elementor-element-34f1751 elementor-section-boxed elementor-section-height-default elementor-section-height-default wpr-particle-no wpr-jarallax-no wpr-parallax-no wpr-sticky-section-no\" data-id=\"34f1751\" data-element_type=\"section\" data-e-type=\"section\">\n\t\t\t\t\t\t<div class=\"elementor-container elementor-column-gap-default\">\n\t\t\t\t\t<div class=\"elementor-column elementor-col-100 elementor-top-column elementor-element elementor-element-4693e584\" data-id=\"4693e584\" data-element_type=\"column\" data-e-type=\"column\">\n\t\t\t<div class=\"elementor-widget-wrap elementor-element-populated\">\n\t\t\t\t\t\t<div class=\"elementor-element elementor-element-1595dddb elementor-widget elementor-widget-heading\" data-id=\"1595dddb\" data-element_type=\"widget\" data-e-type=\"widget\" data-widget_type=\"heading.default\">\n\t\t\t\t<div class=\"elementor-widget-container\">\n\t\t\t\t\t<h1 class=\"elementor-heading-title elementor-size-default\">Kontakt<\/h1>\t\t\t\t<\/div>\n\t\t\t\t<\/div>\n\t\t\t\t<div class=\"elementor-element elementor-element-53264e85 elementor-widget elementor-widget-text-editor\" data-id=\"53264e85\" data-element_type=\"widget\" data-e-type=\"widget\" data-widget_type=\"text-editor.default\">\n\t\t\t\t<div class=\"elementor-widget-container\">\n\t\t\t\t\t\t\t\t\t<p style=\"box-sizing: inherit; margin-right: 0px; margin-bottom: 1rem; margin-left: 0px; padding: 0px; font-size: 20px; line-height: 1.4; text-rendering: optimizelegibility; color: #7f8498; background-color: #fefefe;\">F\u00fcr Verbesserungsvorschl\u00e4ge, Anregungen, Fragen und Probleme nutze am besten unser Kontaktformular.<\/p><p style=\"box-sizing: inherit; margin-right: 0px; margin-bottom: 0px; margin-left: 0px; padding: 0px; font-size: 20px; line-height: 1.4; text-rendering: optimizelegibility; color: #7f8498; background-color: #fefefe;\">Oder schreibe uns eine E-Mail an\u00a0<a style=\"box-sizing: inherit; line-height: inherit; color: #0ae1ae; text-decoration-line: underline; cursor: pointer;\">contact[at]stringster.net<\/a>\u00a0<\/p>\t\t\t\t\t\t\t\t<\/div>\n\t\t\t\t<\/div>\n\t\t\t\t\t<\/div>\n\t\t<\/div>\n\t\t\t\t\t<\/div>\n\t\t<\/section>\n\t\t\t\t<section class=\"elementor-section elementor-top-section elementor-element elementor-element-4391fec elementor-section-boxed elementor-section-height-default elementor-section-height-default wpr-particle-no wpr-jarallax-no wpr-parallax-no wpr-sticky-section-no\" data-id=\"4391fec\" data-element_type=\"section\" data-e-type=\"section\">\n\t\t\t\t\t\t<div class=\"elementor-container elementor-column-gap-default\">\n\t\t\t\t\t<div class=\"elementor-column elementor-col-100 elementor-top-column elementor-element elementor-element-ce6a449\" data-id=\"ce6a449\" data-element_type=\"column\" data-e-type=\"column\">\n\t\t\t<div class=\"elementor-widget-wrap elementor-element-populated\">\n\t\t\t\t\t\t<div class=\"elementor-element elementor-element-7d3f209 elementor-widget__width-initial elementor-widget elementor-widget-wpforms\" data-id=\"7d3f209\" data-element_type=\"widget\" data-e-type=\"widget\" data-widget_type=\"wpforms.default\">\n\t\t\t\t<div class=\"elementor-widget-container\">\n\t\t\t\t\t<div class=\"wpforms-container wpforms-container-full wpforms-render-modern\" id=\"wpforms-308\"><form id=\"wpforms-form-308\" class=\"wpforms-validate wpforms-form wpforms-ajax-form\" data-formid=\"308\" method=\"post\" enctype=\"multipart\/form-data\" action=\"\/en\/wp-json\/wp\/v2\/pages\/59\" data-token=\"3332f11dfe3e08aaec720accc78a4ed0\" data-token-time=\"1775320301\"><noscript class=\"wpforms-error-noscript\">Please enable JavaScript in your browser to complete this form.<\/noscript><div id=\"wpforms-error-noscript\" style=\"display: none;\">Please enable JavaScript in your browser to complete this form.<\/div><div class=\"wpforms-field-container\"><div id=\"wpforms-308-field_0-container\" class=\"wpforms-field wpforms-field-name\" data-field-id=\"0\"><label class=\"wpforms-field-label\" for=\"wpforms-308-field_0\">Name <span class=\"wpforms-required-label\" aria-hidden=\"true\">*<\/span><\/label><input type=\"text\" id=\"wpforms-308-field_0\" class=\"wpforms-field-medium wpforms-field-required\" name=\"wpforms[fields][0]\" aria-errormessage=\"wpforms-308-field_0-error\" required><\/div><div id=\"wpforms-308-field_1-container\" class=\"wpforms-field wpforms-field-email\" data-field-id=\"1\"><label class=\"wpforms-field-label\" for=\"wpforms-308-field_1\">E-Mail <span class=\"wpforms-required-label\" aria-hidden=\"true\">*<\/span><\/label><input type=\"email\" id=\"wpforms-308-field_1\" class=\"wpforms-field-medium wpforms-field-required\" name=\"wpforms[fields][1]\" spellcheck=\"false\" aria-errormessage=\"wpforms-308-field_1-error\" required><\/div><div id=\"wpforms-308-field_3-container\" class=\"wpforms-field wpforms-field-text\" data-field-id=\"3\"><label class=\"wpforms-field-label\" for=\"wpforms-308-field_3\">Betreff<\/label><input type=\"text\" id=\"wpforms-308-field_3\" class=\"wpforms-field-medium\" name=\"wpforms[fields][3]\" aria-errormessage=\"wpforms-308-field_3-error\" ><\/div><div id=\"wpforms-308-field_2-container\" class=\"wpforms-field wpforms-field-textarea\" data-field-id=\"2\"><label class=\"wpforms-field-label\" for=\"wpforms-308-field_2\">Deine Nachricht an stringster<\/label><textarea id=\"wpforms-308-field_2\" class=\"wpforms-field-medium\" name=\"wpforms[fields][2]\" aria-errormessage=\"wpforms-308-field_2-error\" ><\/textarea><\/div><\/div><!-- .wpforms-field-container --><div class=\"wpforms-submit-container\" ><input type=\"hidden\" name=\"wpforms[id]\" value=\"308\"><input type=\"hidden\" name=\"page_title\" value=\"\"><input type=\"hidden\" name=\"page_url\" value=\"https:\/\/stringster.net\/en\/wp-json\/wp\/v2\/pages\/59\"><input type=\"hidden\" name=\"url_referer\" value=\"\"><button type=\"submit\" name=\"wpforms[submit]\" id=\"wpforms-submit-308\" class=\"wpforms-submit form-button-custom\" data-alt-text=\"Senden\u2026\" data-submit-text=\"Absenden\" aria-live=\"assertive\" value=\"wpforms-submit\">Absenden<\/button><img decoding=\"async\" src=\"https:\/\/stringster.net\/wp-content\/plugins\/wpforms\/assets\/images\/submit-spin.svg\" class=\"wpforms-submit-spinner\" style=\"display: none;\" width=\"26\" height=\"26\" alt=\"Loading\"><\/div><\/form><\/div>  <!-- .wpforms-container -->\t\t\t\t<\/div>\n\t\t\t\t<\/div>\n\t\t\t\t\t<\/div>\n\t\t<\/div>\n\t\t\t\t\t<\/div>\n\t\t<\/section>\n\t\t\t\t<section class=\"elementor-section elementor-top-section elementor-element elementor-element-dbc6e5 elementor-section-full_width elementor-section-height-default elementor-section-height-default wpr-particle-no wpr-jarallax-no wpr-parallax-no wpr-sticky-section-no\" data-id=\"dbc6e5\" data-element_type=\"section\" data-e-type=\"section\">\n\t\t\t\t\t\t<div class=\"elementor-container elementor-column-gap-default\">\n\t\t\t\t\t<div class=\"elementor-column elementor-col-100 elementor-top-column elementor-element elementor-element-243d7e58\" data-id=\"243d7e58\" data-element_type=\"column\" data-e-type=\"column\">\n\t\t\t<div class=\"elementor-widget-wrap elementor-element-populated\">\n\t\t\t\t\t\t<div class=\"elementor-element elementor-element-32f20889 elementor-widget-divider--view-line elementor-widget elementor-widget-divider\" data-id=\"32f20889\" data-element_type=\"widget\" data-e-type=\"widget\" data-widget_type=\"divider.default\">\n\t\t\t\t<div class=\"elementor-widget-container\">\n\t\t\t\t\t\t\t<div class=\"elementor-divider\">\n\t\t\t<span class=\"elementor-divider-separator\">\n\t\t\t\t\t\t<\/span>\n\t\t<\/div>\n\t\t\t\t\t\t<\/div>\n\t\t\t\t<\/div>\n\t\t\t\t<div class=\"elementor-element elementor-element-28f5cac2 wpr-main-menu-align-center wpr-pointer-none wpr-main-menu-align--tabletleft wpr-main-menu-align--mobileleft wpr-sub-icon-caret-down wpr-sub-menu-fx-fade wpr-nav-menu-bp-mobile wpr-mobile-menu-full-width wpr-mobile-menu-item-align-center wpr-mobile-toggle-v1 wpr-sub-divider-yes wpr-mobile-divider-yes elementor-widget elementor-widget-wpr-nav-menu\" data-id=\"28f5cac2\" data-element_type=\"widget\" data-e-type=\"widget\" data-settings=\"{&quot;menu_layout&quot;:&quot;horizontal&quot;}\" data-widget_type=\"wpr-nav-menu.default\">\n\t\t\t\t<div class=\"elementor-widget-container\">\n\t\t\t\t\t<nav class=\"wpr-nav-menu-container wpr-nav-menu-horizontal\" data-trigger=\"hover\" data-consider-header=\"\" data-scroll-speed=\"500\"><ul id=\"menu-1-28f5cac2\" class=\"wpr-nav-menu\"><li class=\"menu-item menu-item-type-post_type menu-item-object-page menu-item-64\"><a href=\"https:\/\/stringster.net\/en\/kontakt\/\" class=\"wpr-menu-item wpr-pointer-item\">Kontakt<\/a><\/li>\n<li class=\"menu-item menu-item-type-post_type menu-item-object-page menu-item-63\"><a href=\"https:\/\/stringster.net\/en\/impressum\/\" class=\"wpr-menu-item wpr-pointer-item\">Impressum<\/a><\/li>\n<li class=\"menu-item menu-item-type-post_type menu-item-object-page menu-item-67\"><a href=\"https:\/\/stringster.net\/en\/datenschutz\/\" class=\"wpr-menu-item wpr-pointer-item\">Datenschutz<\/a><\/li>\n<\/ul><\/nav><nav class=\"wpr-mobile-nav-menu-container\"><div class=\"wpr-mobile-toggle-wrap\"><div class=\"wpr-mobile-toggle\"><span class=\"wpr-mobile-toggle-line\"><\/span><span class=\"wpr-mobile-toggle-line\"><\/span><span class=\"wpr-mobile-toggle-line\"><\/span><\/div><\/div><ul id=\"mobile-menu-2-28f5cac2\" class=\"wpr-mobile-nav-menu\"><li class=\"menu-item menu-item-type-post_type menu-item-object-page menu-item-64\"><a href=\"https:\/\/stringster.net\/en\/kontakt\/\" class=\"wpr-mobile-menu-item\">Kontakt<\/a><\/li>\n<li class=\"menu-item menu-item-type-post_type menu-item-object-page menu-item-63\"><a href=\"https:\/\/stringster.net\/en\/impressum\/\" class=\"wpr-mobile-menu-item\">Impressum<\/a><\/li>\n<li class=\"menu-item menu-item-type-post_type menu-item-object-page menu-item-67\"><a href=\"https:\/\/stringster.net\/en\/datenschutz\/\" class=\"wpr-mobile-menu-item\">Datenschutz<\/a><\/li>\n<\/ul><\/nav>\t\t\t\t<\/div>\n\t\t\t\t<\/div>\n\t\t\t\t<div class=\"elementor-element elementor-element-2d183693 elementor-widget elementor-widget-text-editor\" data-id=\"2d183693\" data-element_type=\"widget\" data-e-type=\"widget\" data-widget_type=\"text-editor.default\">\n\t\t\t\t<div class=\"elementor-widget-container\">\n\t\t\t\t\t\t\t\t\t<footer class=\"footer\"><div class=\"row\"><div class=\"columns small-12 text-center padding-bottom\"><span class=\"copyright\">\u00a9 stringster 2023 Alle Rechte vorbehalten.<\/span><\/div><\/div><\/footer>\t\t\t\t\t\t\t\t<\/div>\n\t\t\t\t<\/div>\n\t\t\t\t\t<\/div>\n\t\t<\/div>\n\t\t\t\t\t<\/div>\n\t\t<\/section>\n\t\t\t\t<\/div>\n\t\t","protected":false},"excerpt":{"rendered":"<p>Stringster f\u00fcr Tennis Zur Facebook-Seite Arten von Tennis-Saiten Bespannungsh\u00e4rte und -zustand Die richtige Bespannung f\u00fcr mich Vibrationsd\u00e4mpfer Schl\u00e4gergriff-Anpassung Stringster f\u00fcr Badminton H\u00e4ufige Fragen Stringster f\u00fcr Tennis Zur Facebook-Seite Arten von Tennis-Saiten Bespannungsh\u00e4rte und -zustand Die richtige Bespannung f\u00fcr mich Vibrationsd\u00e4mpfer Schl\u00e4gergriff-Anpassung Stringster f\u00fcr Badminton H\u00e4ufige Fragen Kontakt F\u00fcr Verbesserungsvorschl\u00e4ge, Anregungen, Fragen und Probleme nutze am besten unser Kontaktformular. Oder schreibe uns eine E-Mail an\u00a0contact[at]stringster.net\u00a0 Kontakt Impressum Datenschutz Kontakt Impressum Datenschutz \u00a9 stringster 2023 Alle Rechte vorbehalten.<\/p>\n","protected":false},"author":1,"featured_media":0,"parent":0,"menu_order":0,"comment_status":"closed","ping_status":"closed","template":"elementor_canvas","meta":{"_eb_attr":"","footnotes":""},"class_list":["post-59","page","type-page","status-publish","hentry"],"_links":{"self":[{"href":"https:\/\/stringster.net\/en\/wp-json\/wp\/v2\/pages\/59","targetHints":{"allow":["GET"]}}],"collection":[{"href":"https:\/\/stringster.net\/en\/wp-json\/wp\/v2\/pages"}],"about":[{"href":"https:\/\/stringster.net\/en\/wp-json\/wp\/v2\/types\/page"}],"author":[{"embeddable":true,"href":"https:\/\/stringster.net\/en\/wp-json\/wp\/v2\/users\/1"}],"replies":[{"embeddable":true,"href":"https:\/\/stringster.net\/en\/wp-json\/wp\/v2\/comments?post=59"}],"version-history":[{"count":0,"href":"https:\/\/stringster.net\/en\/wp-json\/wp\/v2\/pages\/59\/revisions"}],"wp:attachment":[{"href":"https:\/\/stringster.net\/en\/wp-json\/wp\/v2\/media?parent=59"}],"curies":[{"name":"wp","href":"https:\/\/api.w.org\/{rel}","templated":true}]}}