{"id":4325,"date":"2024-10-03T20:49:06","date_gmt":"2024-10-03T18:49:06","guid":{"rendered":"https:\/\/stringster.net\/?page_id=4325"},"modified":"2024-10-03T20:50:30","modified_gmt":"2024-10-03T18:50:30","slug":"account-deletion","status":"publish","type":"page","link":"https:\/\/stringster.net\/en\/account-deletion\/","title":{"rendered":"Account Deletion"},"content":{"rendered":"\t\t<div data-elementor-type=\"wp-page\" data-elementor-id=\"4325\" class=\"elementor elementor-4325\">\n\t\t\t\t\t\t<section class=\"elementor-section elementor-top-section elementor-element elementor-element-68236267 elementor-section-boxed elementor-section-height-default elementor-section-height-default wpr-particle-no wpr-jarallax-no wpr-parallax-no wpr-sticky-section-no wpr-equal-height-no\" data-id=\"68236267\" data-element_type=\"section\" data-e-type=\"section\" data-settings=\"{&quot;background_background&quot;:&quot;classic&quot;}\">\n\t\t\t\t\t\t<div class=\"elementor-container elementor-column-gap-default\">\n\t\t\t\t\t<div class=\"elementor-column elementor-col-33 elementor-top-column elementor-element elementor-element-3a22e5f3\" data-id=\"3a22e5f3\" data-element_type=\"column\" data-e-type=\"column\">\n\t\t\t<div class=\"elementor-widget-wrap elementor-element-populated\">\n\t\t\t\t\t\t<div class=\"elementor-element elementor-element-23122fee elementor-widget elementor-widget-image\" data-id=\"23122fee\" data-element_type=\"widget\" data-e-type=\"widget\" data-widget_type=\"image.default\">\n\t\t\t\t<div class=\"elementor-widget-container\">\n\t\t\t\t\t\t\t\t\t\t\t\t\t\t\t\t<a href=\"\/\">\n\t\t\t\t\t\t\t<img decoding=\"async\" width=\"466\" height=\"98\" src=\"https:\/\/stringster.net\/wp-content\/uploads\/2023\/06\/stringster-logo-small.png\" class=\"attachment-full size-full wp-image-119\" alt=\"\" srcset=\"https:\/\/stringster.net\/wp-content\/uploads\/2023\/06\/stringster-logo-small.png 466w, https:\/\/stringster.net\/wp-content\/uploads\/2023\/06\/stringster-logo-small-300x63.png 300w\" sizes=\"(max-width: 466px) 100vw, 466px\" \/>\t\t\t\t\t\t\t\t<\/a>\n\t\t\t\t\t\t\t\t\t\t\t\t\t\t\t<\/div>\n\t\t\t\t<\/div>\n\t\t\t\t\t<\/div>\n\t\t<\/div>\n\t\t\t\t<div class=\"elementor-column elementor-col-33 elementor-top-column elementor-element elementor-element-4751d5c\" data-id=\"4751d5c\" data-element_type=\"column\" data-e-type=\"column\">\n\t\t\t<div class=\"elementor-widget-wrap elementor-element-populated\">\n\t\t\t\t\t\t<div class=\"elementor-element elementor-element-4460a014 wpr-main-menu-align-center wpr-pointer-none wpr-sub-icon-none wpr-main-menu-align--tabletleft wpr-main-menu-align--mobileleft wpr-sub-menu-fx-fade wpr-nav-menu-bp-mobile wpr-mobile-menu-full-width wpr-mobile-menu-item-align-center wpr-mobile-toggle-v1 wpr-mobile-divider-yes elementor-widget elementor-widget-wpr-nav-menu\" data-id=\"4460a014\" data-element_type=\"widget\" data-e-type=\"widget\" data-settings=\"{&quot;menu_layout&quot;:&quot;horizontal&quot;}\" data-widget_type=\"wpr-nav-menu.default\">\n\t\t\t\t<div class=\"elementor-widget-container\">\n\t\t\t\t\t<nav class=\"wpr-nav-menu-container wpr-nav-menu-horizontal\" data-trigger=\"hover\" data-consider-header=\"\" data-scroll-speed=\"500\"><ul id=\"menu-1-4460a014\" class=\"wpr-nav-menu\"><li class=\"menu-item menu-item-type-post_type menu-item-object-page menu-item-home menu-item-has-children menu-item-117\"><a aria-haspopup=\"true\" aria-expanded=\"false\" href=\"https:\/\/stringster.net\/en\/\" class=\"wpr-menu-item wpr-pointer-item\">Stringster f\u00fcr Tennis<i class=\"wpr-sub-icon fas\" aria-hidden=\"true\"><\/i><\/a>\n<ul class=\"sub-menu wpr-sub-menu\">\n\t<li class=\"menu-item menu-item-type-custom menu-item-object-custom menu-item-132\"><a href=\"https:\/\/www.facebook.com\/stringstertennisapp\" class=\"wpr-sub-menu-item\">Zur Facebook-Seite<\/a><\/li>\n\t<li class=\"menu-item menu-item-type-post_type menu-item-object-page menu-item-178\"><a href=\"https:\/\/stringster.net\/en\/arten-von-tennis-saiten\/\" class=\"wpr-sub-menu-item\">Arten von Tennis-Saiten<\/a><\/li>\n\t<li class=\"menu-item menu-item-type-post_type menu-item-object-page menu-item-211\"><a href=\"https:\/\/stringster.net\/en\/besaitungshaerte-und-zustand\/\" class=\"wpr-sub-menu-item\">Bespannungsh\u00e4rte und -zustand<\/a><\/li>\n\t<li class=\"menu-item menu-item-type-post_type menu-item-object-page menu-item-218\"><a href=\"https:\/\/stringster.net\/en\/die-richtige-bespannung-fuer-mich\/\" class=\"wpr-sub-menu-item\">Die richtige Bespannung f\u00fcr mich<\/a><\/li>\n\t<li class=\"menu-item menu-item-type-post_type menu-item-object-page menu-item-226\"><a href=\"https:\/\/stringster.net\/en\/vibrationsdaempfer\/\" class=\"wpr-sub-menu-item\">Vibrationsd\u00e4mpfer<\/a><\/li>\n\t<li class=\"menu-item menu-item-type-post_type menu-item-object-page menu-item-247\"><a href=\"https:\/\/stringster.net\/en\/schlaegergriff-anpassung\/\" class=\"wpr-sub-menu-item\">Schl\u00e4gergriff<\/a><\/li>\n<\/ul>\n<\/li>\n<li class=\"menu-item menu-item-type-post_type menu-item-object-page menu-item-116\"><a href=\"https:\/\/stringster.net\/en\/stringster-fuer-badminton\/\" class=\"wpr-menu-item wpr-pointer-item\">Stringster f\u00fcr Badminton<\/a><\/li>\n<li class=\"menu-item menu-item-type-post_type menu-item-object-page menu-item-144\"><a href=\"https:\/\/stringster.net\/en\/haeufige-fragen\/\" class=\"wpr-menu-item wpr-pointer-item\">H\u00e4ufige Fragen<\/a><\/li>\n<\/ul><\/nav><nav class=\"wpr-mobile-nav-menu-container\"><div class=\"wpr-mobile-toggle-wrap\"><div class=\"wpr-mobile-toggle\"><span class=\"wpr-mobile-toggle-line\"><\/span><span class=\"wpr-mobile-toggle-line\"><\/span><span class=\"wpr-mobile-toggle-line\"><\/span><\/div><\/div><ul id=\"mobile-menu-2-4460a014\" class=\"wpr-mobile-nav-menu\"><li class=\"menu-item menu-item-type-post_type menu-item-object-page menu-item-home menu-item-has-children menu-item-117\"><a href=\"https:\/\/stringster.net\/en\/\" class=\"wpr-mobile-menu-item\">Stringster f\u00fcr Tennis<\/a>\n<ul class=\"sub-menu wpr-sub-menu\">\n\t<li class=\"menu-item menu-item-type-custom menu-item-object-custom menu-item-132\"><a href=\"https:\/\/www.facebook.com\/stringstertennisapp\" class=\"wpr-mobile-sub-menu-item\">Zur Facebook-Seite<\/a><\/li>\n\t<li class=\"menu-item menu-item-type-post_type menu-item-object-page menu-item-178\"><a href=\"https:\/\/stringster.net\/en\/arten-von-tennis-saiten\/\" class=\"wpr-mobile-sub-menu-item\">Arten von Tennis-Saiten<\/a><\/li>\n\t<li class=\"menu-item menu-item-type-post_type menu-item-object-page menu-item-211\"><a href=\"https:\/\/stringster.net\/en\/besaitungshaerte-und-zustand\/\" class=\"wpr-mobile-sub-menu-item\">Bespannungsh\u00e4rte und -zustand<\/a><\/li>\n\t<li class=\"menu-item menu-item-type-post_type menu-item-object-page menu-item-218\"><a href=\"https:\/\/stringster.net\/en\/die-richtige-bespannung-fuer-mich\/\" class=\"wpr-mobile-sub-menu-item\">Die richtige Bespannung f\u00fcr mich<\/a><\/li>\n\t<li class=\"menu-item menu-item-type-post_type menu-item-object-page menu-item-226\"><a href=\"https:\/\/stringster.net\/en\/vibrationsdaempfer\/\" class=\"wpr-mobile-sub-menu-item\">Vibrationsd\u00e4mpfer<\/a><\/li>\n\t<li class=\"menu-item menu-item-type-post_type menu-item-object-page menu-item-247\"><a href=\"https:\/\/stringster.net\/en\/schlaegergriff-anpassung\/\" class=\"wpr-mobile-sub-menu-item\">Schl\u00e4gergriff<\/a><\/li>\n<\/ul>\n<\/li>\n<li class=\"menu-item menu-item-type-post_type menu-item-object-page menu-item-116\"><a href=\"https:\/\/stringster.net\/en\/stringster-fuer-badminton\/\" class=\"wpr-mobile-menu-item\">Stringster f\u00fcr Badminton<\/a><\/li>\n<li class=\"menu-item menu-item-type-post_type menu-item-object-page menu-item-144\"><a href=\"https:\/\/stringster.net\/en\/haeufige-fragen\/\" class=\"wpr-mobile-menu-item\">H\u00e4ufige Fragen<\/a><\/li>\n<\/ul><\/nav>\t\t\t\t<\/div>\n\t\t\t\t<\/div>\n\t\t\t\t\t<\/div>\n\t\t<\/div>\n\t\t\t\t<div class=\"elementor-column elementor-col-33 elementor-top-column elementor-element elementor-element-556da66b\" data-id=\"556da66b\" data-element_type=\"column\" data-e-type=\"column\">\n\t\t\t<div class=\"elementor-widget-wrap\">\n\t\t\t\t\t\t\t<\/div>\n\t\t<\/div>\n\t\t\t\t\t<\/div>\n\t\t<\/section>\n\t\t\t\t<section class=\"elementor-section elementor-top-section elementor-element elementor-element-6e5bc70 elementor-section-boxed elementor-section-height-default elementor-section-height-default wpr-particle-no wpr-jarallax-no wpr-parallax-no wpr-sticky-section-no wpr-equal-height-no\" data-id=\"6e5bc70\" data-element_type=\"section\" data-e-type=\"section\">\n\t\t\t\t\t\t<div class=\"elementor-container elementor-column-gap-default\">\n\t\t\t\t\t<div class=\"elementor-column elementor-col-100 elementor-top-column elementor-element elementor-element-95bca4b\" data-id=\"95bca4b\" data-element_type=\"column\" data-e-type=\"column\">\n\t\t\t<div class=\"elementor-widget-wrap elementor-element-populated\">\n\t\t\t\t\t\t<div class=\"elementor-element elementor-element-aa0e190 elementor-widget elementor-widget-heading\" data-id=\"aa0e190\" data-element_type=\"widget\" data-e-type=\"widget\" data-widget_type=\"heading.default\">\n\t\t\t\t<div class=\"elementor-widget-container\">\n\t\t\t\t\t<h2 class=\"elementor-heading-title elementor-size-default\">Account l\u00f6schen<\/h2>\t\t\t\t<\/div>\n\t\t\t\t<\/div>\n\t\t\t\t\t<\/div>\n\t\t<\/div>\n\t\t\t\t\t<\/div>\n\t\t<\/section>\n\t\t\t\t<section class=\"elementor-section elementor-top-section elementor-element elementor-element-4cf09ca elementor-section-boxed elementor-section-height-default elementor-section-height-default wpr-particle-no wpr-jarallax-no wpr-parallax-no wpr-sticky-section-no wpr-equal-height-no\" data-id=\"4cf09ca\" data-element_type=\"section\" data-e-type=\"section\">\n\t\t\t\t\t\t<div class=\"elementor-container elementor-column-gap-default\">\n\t\t\t\t\t<div class=\"elementor-column elementor-col-100 elementor-top-column elementor-element elementor-element-0a28d81\" data-id=\"0a28d81\" data-element_type=\"column\" data-e-type=\"column\">\n\t\t\t<div class=\"elementor-widget-wrap elementor-element-populated\">\n\t\t\t\t\t\t<div class=\"elementor-element elementor-element-e06d043 elementor-widget elementor-widget-shortcode\" data-id=\"e06d043\" data-element_type=\"widget\" data-e-type=\"widget\" data-widget_type=\"shortcode.default\">\n\t\t\t\t<div class=\"elementor-widget-container\">\n\t\t\t\t\t\t\t<div class=\"elementor-shortcode\"><style id=\"wpforms-css-vars-4322\">\n\t\t\t\t#wpforms-4322 {\n\t\t\t\t\n\t\t\t}\n\t\t\t<\/style><div class=\"wpforms-container wpforms-container-full wpforms-render-modern\" id=\"wpforms-4322\"><form id=\"wpforms-form-4322\" class=\"wpforms-validate wpforms-form wpforms-ajax-form\" data-formid=\"4322\" method=\"post\" enctype=\"multipart\/form-data\" action=\"\/en\/wp-json\/wp\/v2\/pages\/4325\" data-token=\"be36e952b09e06da034e1b1e56bfbb5d\" data-token-time=\"1776845100\"><noscript class=\"wpforms-error-noscript\">Please enable JavaScript in your browser to complete this form.<\/noscript><div id=\"wpforms-error-noscript\" style=\"display: none;\">Please enable JavaScript in your browser to complete this form.<\/div><div class=\"wpforms-field-container\"><div id=\"wpforms-4322-field_1-container\" class=\"wpforms-field wpforms-field-name\" data-field-id=\"1\"><fieldset><legend class=\"wpforms-field-label\">Name <span class=\"wpforms-required-label\" aria-hidden=\"true\">*<\/span><\/legend><div class=\"wpforms-field-row wpforms-field-medium\"><div class=\"wpforms-field-row-block wpforms-first wpforms-one-half\"><input type=\"text\" id=\"wpforms-4322-field_1\" class=\"wpforms-field-name-first wpforms-field-required\" name=\"wpforms[fields][1][first]\" aria-errormessage=\"wpforms-4322-field_1-error\" required><label for=\"wpforms-4322-field_1\" class=\"wpforms-field-sublabel after\">First<\/label><\/div><div class=\"wpforms-field-row-block wpforms-one-half\"><input type=\"text\" id=\"wpforms-4322-field_1-last\" class=\"wpforms-field-name-last wpforms-field-required\" name=\"wpforms[fields][1][last]\" aria-errormessage=\"wpforms-4322-field_1-last-error\" required><label for=\"wpforms-4322-field_1-last\" class=\"wpforms-field-sublabel after\">Last<\/label><\/div><\/div><\/fieldset><\/div><div id=\"wpforms-4322-field_2-container\" class=\"wpforms-field wpforms-field-email\" data-field-id=\"2\"><label class=\"wpforms-field-label\" for=\"wpforms-4322-field_2\">E-Mail-Adresse <span class=\"wpforms-required-label\" aria-hidden=\"true\">*<\/span><\/label><input type=\"email\" id=\"wpforms-4322-field_2\" class=\"wpforms-field-medium wpforms-field-required\" name=\"wpforms[fields][2]\" spellcheck=\"false\" aria-errormessage=\"wpforms-4322-field_2-error\" required><\/div>\t\t<div id=\"wpforms-4322-field_4-container\"\n\t\t\tclass=\"wpforms-field wpforms-field-text\"\n\t\t\tdata-field-type=\"text\"\n\t\t\tdata-field-id=\"4\"\n\t\t\t>\n\t\t\t<label class=\"wpforms-field-label\" for=\"wpforms-4322-field_4\" >Account oder E-Mail-Adresse<\/label>\n\t\t\t<input type=\"text\" id=\"wpforms-4322-field_4\" class=\"wpforms-field-medium\" name=\"wpforms[fields][4]\" >\n\t\t<\/div>\n\t\t<div id=\"wpforms-4322-field_3-container\" class=\"wpforms-field wpforms-field-textarea\" data-field-id=\"3\"><label class=\"wpforms-field-label\" for=\"wpforms-4322-field_3\">Kommentar oder Nachricht<\/label><textarea id=\"wpforms-4322-field_3\" class=\"wpforms-field-medium\" name=\"wpforms[fields][3]\" aria-errormessage=\"wpforms-4322-field_3-error\" ><\/textarea><\/div><div id=\"wpforms-4322-field_5-container\" class=\"wpforms-field wpforms-field-checkbox\" data-field-id=\"5\"><fieldset><legend class=\"wpforms-field-label\">Account wirklich l\u00f6schen? <span class=\"wpforms-required-label\" aria-hidden=\"true\">*<\/span><\/legend><ul id=\"wpforms-4322-field_5\" class=\"wpforms-field-required\"><li class=\"choice-1 depth-1\"><input type=\"checkbox\" id=\"wpforms-4322-field_5_1\" name=\"wpforms[fields][5][]\" value=\"Ja, bitte meinen Account unwiderruflich l\u00f6schen.\" aria-errormessage=\"wpforms-4322-field_5_1-error\" required ><label class=\"wpforms-field-label-inline\" for=\"wpforms-4322-field_5_1\">Ja, bitte meinen Account unwiderruflich l\u00f6schen.<\/label><\/li><\/ul><\/fieldset><\/div><script>\n\t\t\t\t( function() {\n\t\t\t\t\tconst style = document.createElement( 'style' );\n\t\t\t\t\tstyle.appendChild( document.createTextNode( '#wpforms-4322-field_4-container { position: absolute !important; overflow: hidden !important; display: inline !important; height: 1px !important; width: 1px !important; z-index: -1000 !important; padding: 0 !important; } #wpforms-4322-field_4-container input { visibility: hidden; } #wpforms-conversational-form-page #wpforms-4322-field_4-container label { counter-increment: none; }' ) );\n\t\t\t\t\tdocument.head.appendChild( style );\n\t\t\t\t\tdocument.currentScript?.remove();\n\t\t\t\t} )();\n\t\t\t<\/script><\/div><!-- .wpforms-field-container --><div class=\"wpforms-submit-container\" ><input type=\"hidden\" name=\"wpforms[id]\" value=\"4322\"><input type=\"hidden\" name=\"page_title\" value=\"\"><input type=\"hidden\" name=\"page_url\" value=\"https:\/\/stringster.net\/en\/wp-json\/wp\/v2\/pages\/4325\"><input type=\"hidden\" name=\"url_referer\" value=\"\"><button type=\"submit\" name=\"wpforms[submit]\" id=\"wpforms-submit-4322\" class=\"wpforms-submit\" data-alt-text=\"Wird gesendet\u00a0\u2026\" data-submit-text=\"Absenden\" aria-live=\"assertive\" value=\"wpforms-submit\">Absenden<\/button><img decoding=\"async\" src=\"https:\/\/stringster.net\/wp-content\/plugins\/wpforms\/assets\/images\/submit-spin.svg\" class=\"wpforms-submit-spinner\" style=\"display: none;\" width=\"26\" height=\"26\" alt=\"Loading\"><\/div><\/form><\/div>  <!-- .wpforms-container --><\/div>\n\t\t\t\t\t\t<\/div>\n\t\t\t\t<\/div>\n\t\t\t\t\t<\/div>\n\t\t<\/div>\n\t\t\t\t\t<\/div>\n\t\t<\/section>\n\t\t\t\t<section class=\"elementor-section elementor-top-section elementor-element elementor-element-3e3ca4a6 elementor-section-full_width elementor-section-height-default elementor-section-height-default wpr-particle-no wpr-jarallax-no wpr-parallax-no wpr-sticky-section-no wpr-equal-height-no\" data-id=\"3e3ca4a6\" data-element_type=\"section\" data-e-type=\"section\">\n\t\t\t\t\t\t<div class=\"elementor-container elementor-column-gap-default\">\n\t\t\t\t\t<div class=\"elementor-column elementor-col-100 elementor-top-column elementor-element elementor-element-70c269b6\" data-id=\"70c269b6\" data-element_type=\"column\" data-e-type=\"column\">\n\t\t\t<div class=\"elementor-widget-wrap elementor-element-populated\">\n\t\t\t\t\t\t<div class=\"elementor-element elementor-element-783c6d8a elementor-widget-divider--view-line elementor-widget elementor-widget-divider\" data-id=\"783c6d8a\" data-element_type=\"widget\" data-e-type=\"widget\" data-widget_type=\"divider.default\">\n\t\t\t\t<div class=\"elementor-widget-container\">\n\t\t\t\t\t\t\t<div class=\"elementor-divider\">\n\t\t\t<span class=\"elementor-divider-separator\">\n\t\t\t\t\t\t<\/span>\n\t\t<\/div>\n\t\t\t\t\t\t<\/div>\n\t\t\t\t<\/div>\n\t\t\t\t<div class=\"elementor-element elementor-element-7f41f949 wpr-main-menu-align-center wpr-pointer-none wpr-main-menu-align--tabletleft wpr-main-menu-align--mobileleft wpr-sub-icon-caret-down wpr-sub-menu-fx-fade wpr-nav-menu-bp-mobile wpr-mobile-menu-full-width wpr-mobile-menu-item-align-center wpr-mobile-toggle-v1 wpr-sub-divider-yes wpr-mobile-divider-yes elementor-widget elementor-widget-wpr-nav-menu\" data-id=\"7f41f949\" data-element_type=\"widget\" data-e-type=\"widget\" data-settings=\"{&quot;menu_layout&quot;:&quot;horizontal&quot;}\" data-widget_type=\"wpr-nav-menu.default\">\n\t\t\t\t<div class=\"elementor-widget-container\">\n\t\t\t\t\t<nav class=\"wpr-nav-menu-container wpr-nav-menu-horizontal\" data-trigger=\"hover\" data-consider-header=\"\" data-scroll-speed=\"500\"><ul id=\"menu-1-7f41f949\" class=\"wpr-nav-menu\"><li class=\"menu-item menu-item-type-post_type menu-item-object-page menu-item-64\"><a href=\"https:\/\/stringster.net\/en\/kontakt\/\" class=\"wpr-menu-item wpr-pointer-item\">Kontakt<\/a><\/li>\n<li class=\"menu-item menu-item-type-post_type menu-item-object-page menu-item-63\"><a href=\"https:\/\/stringster.net\/en\/impressum\/\" class=\"wpr-menu-item wpr-pointer-item\">Impressum<\/a><\/li>\n<li class=\"menu-item menu-item-type-post_type menu-item-object-page menu-item-67\"><a href=\"https:\/\/stringster.net\/en\/datenschutz\/\" class=\"wpr-menu-item wpr-pointer-item\">Datenschutz<\/a><\/li>\n<\/ul><\/nav><nav class=\"wpr-mobile-nav-menu-container\"><div class=\"wpr-mobile-toggle-wrap\"><div class=\"wpr-mobile-toggle\"><span class=\"wpr-mobile-toggle-line\"><\/span><span class=\"wpr-mobile-toggle-line\"><\/span><span class=\"wpr-mobile-toggle-line\"><\/span><\/div><\/div><ul id=\"mobile-menu-2-7f41f949\" class=\"wpr-mobile-nav-menu\"><li class=\"menu-item menu-item-type-post_type menu-item-object-page menu-item-64\"><a href=\"https:\/\/stringster.net\/en\/kontakt\/\" class=\"wpr-mobile-menu-item\">Kontakt<\/a><\/li>\n<li class=\"menu-item menu-item-type-post_type menu-item-object-page menu-item-63\"><a href=\"https:\/\/stringster.net\/en\/impressum\/\" class=\"wpr-mobile-menu-item\">Impressum<\/a><\/li>\n<li class=\"menu-item menu-item-type-post_type menu-item-object-page menu-item-67\"><a href=\"https:\/\/stringster.net\/en\/datenschutz\/\" class=\"wpr-mobile-menu-item\">Datenschutz<\/a><\/li>\n<\/ul><\/nav>\t\t\t\t<\/div>\n\t\t\t\t<\/div>\n\t\t\t\t<div class=\"elementor-element elementor-element-14bf21c2 elementor-widget elementor-widget-text-editor\" data-id=\"14bf21c2\" data-element_type=\"widget\" data-e-type=\"widget\" data-widget_type=\"text-editor.default\">\n\t\t\t\t<div class=\"elementor-widget-container\">\n\t\t\t\t\t\t\t\t\t<footer class=\"footer\"><div class=\"row\"><div class=\"columns small-12 text-center padding-bottom\"><span class=\"copyright\">\u00a9 stringster 2023 Alle Rechte vorbehalten.<\/span><\/div><\/div><\/footer>\t\t\t\t\t\t\t\t<\/div>\n\t\t\t\t<\/div>\n\t\t\t\t\t<\/div>\n\t\t<\/div>\n\t\t\t\t\t<\/div>\n\t\t<\/section>\n\t\t\t\t<\/div>\n\t\t","protected":false},"excerpt":{"rendered":"<p>Stringster f\u00fcr Tennis Zur Facebook-Seite Arten von Tennis-Saiten Bespannungsh\u00e4rte und -zustand Die richtige Bespannung f\u00fcr mich Vibrationsd\u00e4mpfer Schl\u00e4gergriff stringster-Besaiter werden Stringster f\u00fcr Badminton H\u00e4ufige Fragen Stringster f\u00fcr Tennis Zur Facebook-Seite Arten von Tennis-Saiten Bespannungsh\u00e4rte und -zustand Die richtige Bespannung f\u00fcr mich Vibrationsd\u00e4mpfer Schl\u00e4gergriff stringster-Besaiter werden Stringster f\u00fcr Badminton H\u00e4ufige Fragen Account l\u00f6schen Kontakt Impressum Datenschutz Kontakt Impressum Datenschutz \u00a9 stringster 2023 Alle Rechte vorbehalten.<\/p>","protected":false},"author":1,"featured_media":0,"parent":0,"menu_order":0,"comment_status":"closed","ping_status":"closed","template":"elementor_canvas","meta":{"_eb_attr":"","footnotes":""},"class_list":["post-4325","page","type-page","status-publish","hentry"],"_links":{"self":[{"href":"https:\/\/stringster.net\/en\/wp-json\/wp\/v2\/pages\/4325","targetHints":{"allow":["GET"]}}],"collection":[{"href":"https:\/\/stringster.net\/en\/wp-json\/wp\/v2\/pages"}],"about":[{"href":"https:\/\/stringster.net\/en\/wp-json\/wp\/v2\/types\/page"}],"author":[{"embeddable":true,"href":"https:\/\/stringster.net\/en\/wp-json\/wp\/v2\/users\/1"}],"replies":[{"embeddable":true,"href":"https:\/\/stringster.net\/en\/wp-json\/wp\/v2\/comments?post=4325"}],"version-history":[{"count":0,"href":"https:\/\/stringster.net\/en\/wp-json\/wp\/v2\/pages\/4325\/revisions"}],"wp:attachment":[{"href":"https:\/\/stringster.net\/en\/wp-json\/wp\/v2\/media?parent=4325"}],"curies":[{"name":"wp","href":"https:\/\/api.w.org\/{rel}","templated":true}]}}