{"id":104,"date":"2023-06-29T09:41:15","date_gmt":"2023-06-29T07:41:15","guid":{"rendered":"https:\/\/stringster.net\/?page_id=104"},"modified":"2026-02-13T12:30:29","modified_gmt":"2026-02-13T11:30:29","slug":"stringster-fuer-badminton","status":"publish","type":"page","link":"https:\/\/stringster.net\/en\/stringster-fuer-badminton\/","title":{"rendered":"Stringster for Badminton"},"content":{"rendered":"<div data-elementor-type=\"wp-page\" data-elementor-id=\"104\" class=\"elementor elementor-104\">\n\t\t\t\t\t\t<section class=\"elementor-section elementor-top-section elementor-element elementor-element-28abe31 elementor-section-boxed elementor-section-height-default elementor-section-height-default wpr-particle-no wpr-jarallax-no wpr-parallax-no wpr-sticky-section-no wpr-equal-height-no\" data-id=\"28abe31\" data-element_type=\"section\" data-e-type=\"section\" data-settings=\"{&quot;background_background&quot;:&quot;classic&quot;}\">\n\t\t\t\t\t\t<div class=\"elementor-container elementor-column-gap-default\">\n\t\t\t\t\t<div class=\"elementor-column elementor-col-33 elementor-top-column elementor-element elementor-element-fe5775b\" data-id=\"fe5775b\" data-element_type=\"column\" data-e-type=\"column\">\n\t\t\t<div class=\"elementor-widget-wrap elementor-element-populated\">\n\t\t\t\t\t\t<div class=\"elementor-element elementor-element-7c7c0cb8 elementor-widget elementor-widget-image\" data-id=\"7c7c0cb8\" data-element_type=\"widget\" data-e-type=\"widget\" data-widget_type=\"image.default\">\n\t\t\t\t<div class=\"elementor-widget-container\">\n\t\t\t\t\t\t\t\t\t\t\t\t\t\t\t\t<a href=\"\/en\/\">\n\t\t\t\t\t\t\t<img decoding=\"async\" width=\"466\" height=\"98\" src=\"https:\/\/stringster.net\/wp-content\/uploads\/2023\/06\/stringster-logo-small.png\" class=\"attachment-full size-full wp-image-119\" alt=\"\" srcset=\"https:\/\/stringster.net\/wp-content\/uploads\/2023\/06\/stringster-logo-small.png 466w, https:\/\/stringster.net\/wp-content\/uploads\/2023\/06\/stringster-logo-small-300x63.png 300w\" sizes=\"(max-width: 466px) 100vw, 466px\" \/>\t\t\t\t\t\t\t\t<\/a>\n\t\t\t\t\t\t\t\t\t\t\t\t\t\t\t<\/div>\n\t\t\t\t<\/div>\n\t\t\t\t\t<\/div>\n\t\t<\/div>\n\t\t\t\t<div class=\"elementor-column elementor-col-33 elementor-top-column elementor-element elementor-element-6b4b8473\" data-id=\"6b4b8473\" data-element_type=\"column\" data-e-type=\"column\">\n\t\t\t<div class=\"elementor-widget-wrap elementor-element-populated\">\n\t\t\t\t\t\t<div class=\"elementor-element elementor-element-3fcf646e wpr-main-menu-align-center wpr-pointer-none wpr-sub-icon-none wpr-main-menu-align--tabletleft wpr-main-menu-align--mobileleft wpr-sub-menu-fx-fade wpr-nav-menu-bp-mobile wpr-mobile-menu-full-width wpr-mobile-menu-item-align-center wpr-mobile-toggle-v1 wpr-mobile-divider-yes elementor-widget elementor-widget-wpr-nav-menu\" data-id=\"3fcf646e\" data-element_type=\"widget\" data-e-type=\"widget\" data-settings=\"{&quot;menu_layout&quot;:&quot;horizontal&quot;}\" data-widget_type=\"wpr-nav-menu.default\">\n\t\t\t\t<div class=\"elementor-widget-container\">\n\t\t\t\t\t<nav class=\"wpr-nav-menu-container wpr-nav-menu-horizontal\" data-trigger=\"hover\" data-consider-header=\"\" data-scroll-speed=\"500\"><ul id=\"menu-1-3fcf646e\" class=\"wpr-nav-menu\"><li class=\"menu-item menu-item-type-post_type menu-item-object-page menu-item-home menu-item-has-children menu-item-117\"><a aria-haspopup=\"true\" aria-expanded=\"false\" href=\"https:\/\/stringster.net\/en\/\" class=\"wpr-menu-item wpr-pointer-item\">Stringster for Tennis<i class=\"wpr-sub-icon fas\" aria-hidden=\"true\"><\/i><\/a>\n<ul class=\"sub-menu wpr-sub-menu\">\n\t<li class=\"menu-item menu-item-type-custom menu-item-object-custom menu-item-132\"><a href=\"https:\/\/www.facebook.com\/stringstertennisapp\" class=\"wpr-sub-menu-item\">Facebook<\/a><\/li>\n\t<li class=\"menu-item menu-item-type-post_type menu-item-object-page menu-item-178\"><a href=\"https:\/\/stringster.net\/en\/arten-von-tennis-saiten\/\" class=\"wpr-sub-menu-item\">types of tennis strings<\/a><\/li>\n\t<li class=\"menu-item menu-item-type-post_type menu-item-object-page menu-item-211\"><a href=\"https:\/\/stringster.net\/en\/besaitungshaerte-und-zustand\/\" class=\"wpr-sub-menu-item\">string tension and string condition<\/a><\/li>\n\t<li class=\"menu-item menu-item-type-post_type menu-item-object-page menu-item-218\"><a href=\"https:\/\/stringster.net\/en\/die-richtige-bespannung-fuer-mich\/\" class=\"wpr-sub-menu-item\">the best strings for me<\/a><\/li>\n\t<li class=\"menu-item menu-item-type-post_type menu-item-object-page menu-item-226\"><a href=\"https:\/\/stringster.net\/en\/vibrationsdaempfer\/\" class=\"wpr-sub-menu-item\">vibration dampeners<\/a><\/li>\n\t<li class=\"menu-item menu-item-type-post_type menu-item-object-page menu-item-247\"><a href=\"https:\/\/stringster.net\/en\/schlaegergriff-anpassung\/\" class=\"wpr-sub-menu-item\">racquet handle<\/a><\/li>\n<\/ul>\n<\/li>\n<li class=\"menu-item menu-item-type-post_type menu-item-object-page menu-item-116\"><a href=\"https:\/\/stringster.net\/en\/stringster-fuer-badminton\/\" class=\"wpr-menu-item wpr-pointer-item\">Stringster for Badminton<\/a><\/li>\n<li class=\"menu-item menu-item-type-post_type menu-item-object-page menu-item-144\"><a href=\"https:\/\/stringster.net\/en\/haeufige-fragen\/\" class=\"wpr-menu-item wpr-pointer-item\">FAQ<\/a><\/li>\n<\/ul><\/nav><nav class=\"wpr-mobile-nav-menu-container\"><div class=\"wpr-mobile-toggle-wrap\"><div class=\"wpr-mobile-toggle\"><span class=\"wpr-mobile-toggle-line\"><\/span><span class=\"wpr-mobile-toggle-line\"><\/span><span class=\"wpr-mobile-toggle-line\"><\/span><\/div><\/div><ul id=\"mobile-menu-2-3fcf646e\" class=\"wpr-mobile-nav-menu\"><li class=\"menu-item menu-item-type-post_type menu-item-object-page menu-item-home menu-item-has-children menu-item-117\"><a href=\"https:\/\/stringster.net\/en\/\" class=\"wpr-mobile-menu-item\">Stringster for Tennis<\/a>\n<ul class=\"sub-menu wpr-sub-menu\">\n\t<li class=\"menu-item menu-item-type-custom menu-item-object-custom menu-item-132\"><a href=\"https:\/\/www.facebook.com\/stringstertennisapp\" class=\"wpr-mobile-sub-menu-item\">Facebook<\/a><\/li>\n\t<li class=\"menu-item menu-item-type-post_type menu-item-object-page menu-item-178\"><a href=\"https:\/\/stringster.net\/en\/arten-von-tennis-saiten\/\" class=\"wpr-mobile-sub-menu-item\">types of tennis strings<\/a><\/li>\n\t<li class=\"menu-item menu-item-type-post_type menu-item-object-page menu-item-211\"><a href=\"https:\/\/stringster.net\/en\/besaitungshaerte-und-zustand\/\" class=\"wpr-mobile-sub-menu-item\">string tension and string condition<\/a><\/li>\n\t<li class=\"menu-item menu-item-type-post_type menu-item-object-page menu-item-218\"><a href=\"https:\/\/stringster.net\/en\/die-richtige-bespannung-fuer-mich\/\" class=\"wpr-mobile-sub-menu-item\">the best strings for me<\/a><\/li>\n\t<li class=\"menu-item menu-item-type-post_type menu-item-object-page menu-item-226\"><a href=\"https:\/\/stringster.net\/en\/vibrationsdaempfer\/\" class=\"wpr-mobile-sub-menu-item\">vibration dampeners<\/a><\/li>\n\t<li class=\"menu-item menu-item-type-post_type menu-item-object-page menu-item-247\"><a href=\"https:\/\/stringster.net\/en\/schlaegergriff-anpassung\/\" class=\"wpr-mobile-sub-menu-item\">racquet handle<\/a><\/li>\n<\/ul>\n<\/li>\n<li class=\"menu-item menu-item-type-post_type menu-item-object-page menu-item-116\"><a href=\"https:\/\/stringster.net\/en\/stringster-fuer-badminton\/\" class=\"wpr-mobile-menu-item\">Stringster for Badminton<\/a><\/li>\n<li class=\"menu-item menu-item-type-post_type menu-item-object-page menu-item-144\"><a href=\"https:\/\/stringster.net\/en\/haeufige-fragen\/\" class=\"wpr-mobile-menu-item\">FAQ<\/a><\/li>\n<\/ul><\/nav>\t\t\t\t<\/div>\n\t\t\t\t<\/div>\n\t\t\t\t\t<\/div>\n\t\t<\/div>\n\t\t\t\t<div class=\"elementor-column elementor-col-33 elementor-top-column elementor-element elementor-element-78942b01\" data-id=\"78942b01\" data-element_type=\"column\" data-e-type=\"column\">\n\t\t\t<div class=\"elementor-widget-wrap\">\n\t\t\t\t\t\t\t<\/div>\n\t\t<\/div>\n\t\t\t\t\t<\/div>\n\t\t<\/section>\n\t\t\t\t<section class=\"elementor-section elementor-top-section elementor-element elementor-element-af52b93 elementor-section-boxed elementor-section-height-default elementor-section-height-default wpr-particle-no wpr-jarallax-no wpr-parallax-no wpr-sticky-section-no wpr-equal-height-no\" data-id=\"af52b93\" data-element_type=\"section\" data-e-type=\"section\">\n\t\t\t\t\t\t<div class=\"elementor-container elementor-column-gap-default\">\n\t\t\t\t\t<div class=\"elementor-column elementor-col-100 elementor-top-column elementor-element elementor-element-ca6f8c8\" data-id=\"ca6f8c8\" data-element_type=\"column\" data-e-type=\"column\">\n\t\t\t<div class=\"elementor-widget-wrap elementor-element-populated\">\n\t\t\t\t\t\t<div class=\"elementor-element elementor-element-4ffae1d elementor-widget elementor-widget-image\" data-id=\"4ffae1d\" data-element_type=\"widget\" data-e-type=\"widget\" data-widget_type=\"image.default\">\n\t\t\t\t<div class=\"elementor-widget-container\">\n\t\t\t\t\t\t\t\t\t\t\t\t\t\t\t<img fetchpriority=\"high\" decoding=\"async\" width=\"2400\" height=\"1210\" src=\"https:\/\/stringster.net\/wp-content\/uploads\/2023\/06\/stringster-main-slider-badminton.jpg\" class=\"attachment-full size-full wp-image-14\" alt=\"\" srcset=\"https:\/\/stringster.net\/wp-content\/uploads\/2023\/06\/stringster-main-slider-badminton.jpg 2400w, https:\/\/stringster.net\/wp-content\/uploads\/2023\/06\/stringster-main-slider-badminton-300x151.jpg 300w, https:\/\/stringster.net\/wp-content\/uploads\/2023\/06\/stringster-main-slider-badminton-1024x516.jpg 1024w, https:\/\/stringster.net\/wp-content\/uploads\/2023\/06\/stringster-main-slider-badminton-768x387.jpg 768w, https:\/\/stringster.net\/wp-content\/uploads\/2023\/06\/stringster-main-slider-badminton-1536x774.jpg 1536w, https:\/\/stringster.net\/wp-content\/uploads\/2023\/06\/stringster-main-slider-badminton-2048x1033.jpg 2048w\" sizes=\"(max-width: 2400px) 100vw, 2400px\" \/>\t\t\t\t\t\t\t\t\t\t\t\t\t\t\t<\/div>\n\t\t\t\t<\/div>\n\t\t\t\t\t<\/div>\n\t\t<\/div>\n\t\t\t\t\t<\/div>\n\t\t<\/section>\n\t\t\t\t<section class=\"elementor-section elementor-top-section elementor-element elementor-element-cf8c7af elementor-section-boxed elementor-section-height-default elementor-section-height-default wpr-particle-no wpr-jarallax-no wpr-parallax-no wpr-sticky-section-no wpr-equal-height-no\" data-id=\"cf8c7af\" data-element_type=\"section\" data-e-type=\"section\">\n\t\t\t\t\t\t<div class=\"elementor-container elementor-column-gap-default\">\n\t\t\t\t\t<div class=\"elementor-column elementor-col-100 elementor-top-column elementor-element elementor-element-8f78fe5\" data-id=\"8f78fe5\" data-element_type=\"column\" data-e-type=\"column\">\n\t\t\t<div class=\"elementor-widget-wrap elementor-element-populated\">\n\t\t\t\t\t\t<div class=\"elementor-element elementor-element-cb8eecd elementor-widget elementor-widget-heading\" data-id=\"cb8eecd\" data-element_type=\"widget\" data-e-type=\"widget\" data-widget_type=\"heading.default\">\n\t\t\t\t<div class=\"elementor-widget-container\">\n\t\t\t\t\t<h2 class=\"elementor-heading-title elementor-size-default\">SORRY! STRINGSTER FOR BADMINTON WILL TAKE A BREAK.<\/h2>\t\t\t\t<\/div>\n\t\t\t\t<\/div>\n\t\t\t\t<div class=\"elementor-element elementor-element-406bf4b elementor-widget elementor-widget-text-editor\" data-id=\"406bf4b\" data-element_type=\"widget\" data-e-type=\"widget\" data-widget_type=\"text-editor.default\">\n\t\t\t\t<div class=\"elementor-widget-container\">\n\t\t\t\t\t\t\t\t\t<h4><b>End of March 2023 the app will disappear from the PlayStore and the AppStore for a while.<\/b><\/h4>\t\t\t\t\t\t\t\t<\/div>\n\t\t\t\t<\/div>\n\t\t\t\t<div class=\"elementor-element elementor-element-69d46dd elementor-widget elementor-widget-text-editor\" data-id=\"69d46dd\" data-element_type=\"widget\" data-e-type=\"widget\" data-widget_type=\"text-editor.default\">\n\t\t\t\t<div class=\"elementor-widget-container\">\n\t\t\t\t\t\t\t\t\t<p>Nach mehreren Jahren im Einsatz braucht &#8222;stringster for badminton&#8220; ein gr\u00f6\u00dferes technisches Update. Dies wird einige Monate in Anspruch nehmen, da wir das Come-Back mit diversen neuen App-Funtionen planen &#8211; insbesondere neue Funktionen f\u00fcr Schl\u00e4gerbesaiter.<\/p>\t\t\t\t\t\t\t\t<\/div>\n\t\t\t\t<\/div>\n\t\t\t\t<div class=\"elementor-element elementor-element-d83405a elementor-widget elementor-widget-spacer\" data-id=\"d83405a\" data-element_type=\"widget\" data-e-type=\"widget\" data-widget_type=\"spacer.default\">\n\t\t\t\t<div class=\"elementor-widget-container\">\n\t\t\t\t\t\t\t<div class=\"elementor-spacer\">\n\t\t\t<div class=\"elementor-spacer-inner\"><\/div>\n\t\t<\/div>\n\t\t\t\t\t\t<\/div>\n\t\t\t\t<\/div>\n\t\t\t\t\t<\/div>\n\t\t<\/div>\n\t\t\t\t\t<\/div>\n\t\t<\/section>\n\t\t\t\t<section class=\"elementor-section elementor-top-section elementor-element elementor-element-674c5436 elementor-section-full_width elementor-section-height-default elementor-section-height-default wpr-particle-no wpr-jarallax-no wpr-parallax-no wpr-sticky-section-no wpr-equal-height-no\" data-id=\"674c5436\" data-element_type=\"section\" data-e-type=\"section\">\n\t\t\t\t\t\t<div class=\"elementor-container elementor-column-gap-default\">\n\t\t\t\t\t<div class=\"elementor-column elementor-col-100 elementor-top-column elementor-element elementor-element-78f4fc74\" data-id=\"78f4fc74\" data-element_type=\"column\" data-e-type=\"column\">\n\t\t\t<div class=\"elementor-widget-wrap elementor-element-populated\">\n\t\t\t\t\t\t<div class=\"elementor-element elementor-element-64b761ed elementor-widget-divider--view-line elementor-widget elementor-widget-divider\" data-id=\"64b761ed\" data-element_type=\"widget\" data-e-type=\"widget\" data-widget_type=\"divider.default\">\n\t\t\t\t<div class=\"elementor-widget-container\">\n\t\t\t\t\t\t\t<div class=\"elementor-divider\">\n\t\t\t<span class=\"elementor-divider-separator\">\n\t\t\t\t\t\t<\/span>\n\t\t<\/div>\n\t\t\t\t\t\t<\/div>\n\t\t\t\t<\/div>\n\t\t\t\t<div class=\"elementor-element elementor-element-71277841 wpr-main-menu-align-center wpr-pointer-none wpr-main-menu-align--tabletleft wpr-main-menu-align--mobileleft wpr-sub-icon-caret-down wpr-sub-menu-fx-fade wpr-nav-menu-bp-mobile wpr-mobile-menu-full-width wpr-mobile-menu-item-align-center wpr-mobile-toggle-v1 wpr-sub-divider-yes wpr-mobile-divider-yes elementor-widget elementor-widget-wpr-nav-menu\" data-id=\"71277841\" data-element_type=\"widget\" data-e-type=\"widget\" data-settings=\"{&quot;menu_layout&quot;:&quot;horizontal&quot;}\" data-widget_type=\"wpr-nav-menu.default\">\n\t\t\t\t<div class=\"elementor-widget-container\">\n\t\t\t\t\t<nav class=\"wpr-nav-menu-container wpr-nav-menu-horizontal\" data-trigger=\"hover\" data-consider-header=\"\" data-scroll-speed=\"500\"><ul id=\"menu-1-71277841\" class=\"wpr-nav-menu\"><li class=\"menu-item menu-item-type-post_type menu-item-object-page menu-item-64\"><a href=\"https:\/\/stringster.net\/en\/kontakt\/\" class=\"wpr-menu-item wpr-pointer-item\">contact<\/a><\/li>\n<li class=\"menu-item menu-item-type-post_type menu-item-object-page menu-item-63\"><a href=\"https:\/\/stringster.net\/en\/impressum\/\" class=\"wpr-menu-item wpr-pointer-item\">legal notice<\/a><\/li>\n<li class=\"menu-item menu-item-type-post_type menu-item-object-page menu-item-67\"><a href=\"https:\/\/stringster.net\/en\/datenschutz\/\" class=\"wpr-menu-item wpr-pointer-item\">privacy protection<\/a><\/li>\n<\/ul><\/nav><nav class=\"wpr-mobile-nav-menu-container\"><div class=\"wpr-mobile-toggle-wrap\"><div class=\"wpr-mobile-toggle\"><span class=\"wpr-mobile-toggle-line\"><\/span><span class=\"wpr-mobile-toggle-line\"><\/span><span class=\"wpr-mobile-toggle-line\"><\/span><\/div><\/div><ul id=\"mobile-menu-2-71277841\" class=\"wpr-mobile-nav-menu\"><li class=\"menu-item menu-item-type-post_type menu-item-object-page menu-item-64\"><a href=\"https:\/\/stringster.net\/en\/kontakt\/\" class=\"wpr-mobile-menu-item\">contact<\/a><\/li>\n<li class=\"menu-item menu-item-type-post_type menu-item-object-page menu-item-63\"><a href=\"https:\/\/stringster.net\/en\/impressum\/\" class=\"wpr-mobile-menu-item\">legal notice<\/a><\/li>\n<li class=\"menu-item menu-item-type-post_type menu-item-object-page menu-item-67\"><a href=\"https:\/\/stringster.net\/en\/datenschutz\/\" class=\"wpr-mobile-menu-item\">privacy protection<\/a><\/li>\n<\/ul><\/nav>\t\t\t\t<\/div>\n\t\t\t\t<\/div>\n\t\t\t\t<div class=\"elementor-element elementor-element-7a5d6aad elementor-widget elementor-widget-text-editor\" data-id=\"7a5d6aad\" data-element_type=\"widget\" data-e-type=\"widget\" data-widget_type=\"text-editor.default\">\n\t\t\t\t<div class=\"elementor-widget-container\">\n\t\t\t\t\t\t\t\t\t<footer class=\"footer\"><div class=\"row\"><div class=\"columns small-12 text-center padding-bottom\"><span class=\"copyright\">\u00a9 stringster 2023 All rights reserved.<\/span><\/div><\/div><\/footer>\t\t\t\t\t\t\t\t<\/div>\n\t\t\t\t<\/div>\n\t\t\t\t<div class=\"elementor-element elementor-element-40d0ee16 wpr-stt-btn-align-inline elementor-widget elementor-widget-wpr-back-to-top\" data-id=\"40d0ee16\" data-element_type=\"widget\" data-e-type=\"widget\" data-widget_type=\"wpr-back-to-top.default\">\n\t\t\t\t<div class=\"elementor-widget-container\">\n\t\t\t\t\t<div class=\"wpr-stt-wrapper\"><div class='wpr-stt-btn' data-settings='{&quot;animation&quot;:&quot;fade&quot;,&quot;animationOffset&quot;:&quot;100&quot;,&quot;animationDuration&quot;:&quot;200&quot;,&quot;fixed&quot;:&quot;inline&quot;,&quot;scrolAnim&quot;:&quot;800&quot;}'><span class=\"wpr-stt-icon\"><i class=\"fas fa-chevron-up\"><\/i><\/span><\/div><\/div>\t\t\t\t<\/div>\n\t\t\t\t<\/div>\n\t\t\t\t\t<\/div>\n\t\t<\/div>\n\t\t\t\t\t<\/div>\n\t\t<\/section>\n\t\t\t\t<\/div>","protected":false},"excerpt":{"rendered":"<p>Stringster f\u00fcr Tennis Zur Facebook-Seite Arten von Tennis-Saiten Bespannungsh\u00e4rte und -zustand Die richtige Bespannung f\u00fcr mich Vibrationsd\u00e4mpfer Schl\u00e4gergriff stringster-Besaiter werden Stringster f\u00fcr Badminton H\u00e4ufige Fragen Stringster f\u00fcr Tennis Zur Facebook-Seite Arten von Tennis-Saiten Bespannungsh\u00e4rte und -zustand Die richtige Bespannung f\u00fcr mich Vibrationsd\u00e4mpfer Schl\u00e4gergriff stringster-Besaiter werden Stringster f\u00fcr Badminton H\u00e4ufige Fragen SORRY! STRINGSTER F\u00dcR BADMINTON WIRD EINE PAUSE EINLEGEN. Ende M\u00e4rz 2023 wird die App f\u00fcr eine Weile nicht mehr im PlayStore und AppStore sein. Nach mehreren Jahren im Einsatz braucht &#8222;stringster for badminton&#8220; ein gr\u00f6\u00dferes technisches Update. Dies wird einige Monate in Anspruch nehmen, da wir das Come-Back mit diversen neuen App-Funtionen planen &#8211; insbesondere neue Funktionen f\u00fcr Schl\u00e4gerbesaiter. Kontakt Impressum Datenschutz Kontakt Impressum Datenschutz \u00a9 stringster 2023 Alle Rechte vorbehalten.<\/p>","protected":false},"author":1,"featured_media":0,"parent":0,"menu_order":0,"comment_status":"closed","ping_status":"closed","template":"elementor_canvas","meta":{"_eb_attr":"","footnotes":""},"class_list":["post-104","page","type-page","status-publish","hentry"],"_links":{"self":[{"href":"https:\/\/stringster.net\/en\/wp-json\/wp\/v2\/pages\/104","targetHints":{"allow":["GET"]}}],"collection":[{"href":"https:\/\/stringster.net\/en\/wp-json\/wp\/v2\/pages"}],"about":[{"href":"https:\/\/stringster.net\/en\/wp-json\/wp\/v2\/types\/page"}],"author":[{"embeddable":true,"href":"https:\/\/stringster.net\/en\/wp-json\/wp\/v2\/users\/1"}],"replies":[{"embeddable":true,"href":"https:\/\/stringster.net\/en\/wp-json\/wp\/v2\/comments?post=104"}],"version-history":[{"count":0,"href":"https:\/\/stringster.net\/en\/wp-json\/wp\/v2\/pages\/104\/revisions"}],"wp:attachment":[{"href":"https:\/\/stringster.net\/en\/wp-json\/wp\/v2\/media?parent=104"}],"curies":[{"name":"wp","href":"https:\/\/api.w.org\/{rel}","templated":true}]}}